{"id":2189,"date":"2016-04-19T11:31:45","date_gmt":"2016-04-19T08:31:45","guid":{"rendered":"http:\/\/stradacon.ee\/?page_id=2189"},"modified":"2019-03-25T19:20:11","modified_gmt":"2019-03-25T17:20:11","slug":"teenused","status":"publish","type":"page","link":"https:\/\/stradacon.ee\/fi\/teenused\/","title":{"rendered":"Palvelut"},"content":{"rendered":"<p><section id=\"\"  class=\"light\"> <div class=\"container\">  <div class=\"row\"><div class=\"col-md-6  text-default\" >\n\t<div class=\"wpb_text_column wpb_content_element \">\n\t\t<div class=\"wpb_wrapper\">\n\t\t\t<ul>\n<li>Asfalttihuokosten sulkeminen, asfalttipinnan vesieristys ja uusinta kylmill\u00e4 bitumiemulsiopohjaisilla lietteill\u00e4<\/li>\n<li>Asfalttirakojen ja saumojen t\u00e4ytt\u00f6 kylm\u00e4n\u00e4 tai kuumana k\u00e4sitelt\u00e4vill\u00e4 bitumimateriaaleilla, my\u00f6s verkkorakojen t\u00e4ytt\u00f6<\/li>\n<li>Tiep\u00e4\u00e4llysteess\u00e4 olevien reikien paikkaus erilaisilla kylmill\u00e4 asfalttiseoksilla<\/li>\n<li>Betonisaumojen ja -rakojen t\u00e4ytt\u00f6 polysulfidi-, MS-polymeeri- ja epoksidiamiinipohjaisilla materiaaleilla<\/li>\n<li>Betonialustojen pinnoitus polysulfidi-, MS-polymeeri- ja epoksidiamiinipohjaisilla materiaaleilla<\/li>\n<li>Betonialustojen kyll\u00e4stys akryylipohjaisilla materiaaleilla<\/li>\n<li>Dynaamisten luiskien tiivistys silloilla ja monikerroksisissa pys\u00e4k\u00f6intitaloissa<\/li>\n<li>Perustusten, terassien, betoniosien ja kattojen vesieristys<\/li>\n<li>Kellarien vesieristys sis\u00e4puolelta<\/li>\n<li>S\u00e4il\u00f6rehu-, j\u00e4tevesi-, polttoaine-, sammutusvesi- ja juomavesis\u00e4ili\u00f6iden vesieristys<\/li>\n<\/ul>\n\n\t\t<\/div>\n\t<\/div>\n<\/div><div class=\"col-md-6  text-default\" >\n\t<div class=\"wpb_text_column wpb_content_element \">\n\t\t<div class=\"wpb_wrapper\">\n\t\t\t<p><a title=\"Check STRADACON O\u00dc valid credit rating in Bisnode Credit Reports site\" href=\"https:\/\/creditreports.ee\/node\/357611\" target=\"_blank\"><img decoding=\"async\" loading=\"lazy\" class=\"aligncenter\" src=\"https:\/\/creditreports.ee\/live-logo\/landscape_b\/en\/stradacon-ou.png\" alt=\"STRADACON O\u00dc krediidireiting\" width=\"280\" height=\"75\" \/><\/a><\/p>\n\n\t\t<\/div>\n\t<\/div>\n<\/div>  <\/div>  <\/div><\/section><\/p>","protected":false},"excerpt":{"rendered":"Asfalttihuokosten sulkeminen, asfalttipinnan vesieristys ja uusinta kylmill\u00e4 bitumiemulsiopohjaisilla lietteill\u00e4 Asfalttirakojen ja saumojen t\u00e4ytt\u00f6 kylm\u00e4n\u00e4 tai kuumana k\u00e4sitelt\u00e4vill\u00e4 bitumimateriaaleilla, my\u00f6s verkkorakojen t\u00e4ytt\u00f6 Tiep\u00e4\u00e4llysteess\u00e4 olevien reikien paikkaus erilaisilla kylmill\u00e4 asfalttiseoksilla Betonisaumojen ja -rakojen t\u00e4ytt\u00f6 polysulfidi-, MS-polymeeri- ja epoksidiamiinipohjaisilla materiaaleilla Betonialustojen pinnoitus polysulfidi-, MS-polymeeri- ja epoksidiamiinipohjaisilla materiaaleilla Betonialustojen kyll\u00e4stys akryylipohjaisilla materiaaleilla Dynaamisten luiskien tiivistys silloilla ja monikerroksisissa pys\u00e4k\u00f6intitaloissa [...]","protected":false},"author":1,"featured_media":2590,"parent":0,"menu_order":0,"comment_status":"closed","ping_status":"closed","template":"","meta":[],"_links":{"self":[{"href":"https:\/\/stradacon.ee\/fi\/wp-json\/wp\/v2\/pages\/2189"}],"collection":[{"href":"https:\/\/stradacon.ee\/fi\/wp-json\/wp\/v2\/pages"}],"about":[{"href":"https:\/\/stradacon.ee\/fi\/wp-json\/wp\/v2\/types\/page"}],"author":[{"embeddable":true,"href":"https:\/\/stradacon.ee\/fi\/wp-json\/wp\/v2\/users\/1"}],"replies":[{"embeddable":true,"href":"https:\/\/stradacon.ee\/fi\/wp-json\/wp\/v2\/comments?post=2189"}],"version-history":[{"count":5,"href":"https:\/\/stradacon.ee\/fi\/wp-json\/wp\/v2\/pages\/2189\/revisions"}],"predecessor-version":[{"id":2696,"href":"https:\/\/stradacon.ee\/fi\/wp-json\/wp\/v2\/pages\/2189\/revisions\/2696"}],"wp:featuredmedia":[{"embeddable":true,"href":"https:\/\/stradacon.ee\/fi\/wp-json\/wp\/v2\/media\/2590"}],"wp:attachment":[{"href":"https:\/\/stradacon.ee\/fi\/wp-json\/wp\/v2\/media?parent=2189"}],"curies":[{"name":"wp","href":"https:\/\/api.w.org\/{rel}","templated":true}]}}