{"id":2162,"date":"2016-03-28T13:48:24","date_gmt":"2016-03-28T10:48:24","guid":{"rendered":"http:\/\/stradacon.ee\/?page_id=2162"},"modified":"2019-03-25T19:20:32","modified_gmt":"2019-03-25T17:20:32","slug":"tooriistad","status":"publish","type":"page","link":"https:\/\/stradacon.ee\/fi\/tooriistad\/","title":{"rendered":"Ty\u00f6kalut"},"content":{"rendered":"<p><section id=\"\"  class=\"light\"> <div class=\"container\">  <div class=\"row\"><div class=\"col-md-8  text-default\" >\n\t<div class=\"wpb_text_column wpb_content_element \">\n\t\t<div class=\"wpb_wrapper\">\n\t\t\t<h2>Sealmaster Hand Tamper<\/h2>\n<p>K\u00e4sisurvin on hyv\u00e4 apuv\u00e4line kylm\u00e4n asfalttiseoksen tiivistykseen pieni\u00e4 reiki\u00e4 paikattaessa.<\/p>\n\n\t\t<\/div>\n\t<\/div>\n<div class=\"vc_btn3-container vc_btn3-inline\"><button class=\"vc_general vc_btn3 vc_btn3-size-md vc_btn3-shape-rounded vc_btn3-style-modern vc_btn3-color-primary\">Download PDF<\/button><\/div>\n<\/div><div class=\"col-md-4  text-default\" ><!-- GALLERY SHORTCODE --><div class=\"portfolio_masonry\">  <div class=\"row isotope_portfolio_container\" id=\"cont_4199\">\n          <div class=\"col-sm-4 col-md-4\">\n             <div class=\"portfolio_item\">\n               <a href=\"https:\/\/stradacon.ee\/wp-content\/uploads\/2016\/03\/image002-3.jpg\" class=\"lightbox_gallery\" data-caption=\"\" data-description=\"\" data-imagelightbox=\"gallery\">\n<img src=\"https:\/\/stradacon.ee\/wp-content\/uploads\/2016\/03\/image002-3.jpg\" alt=\"\" \/>\n                   <div class=\"overlay\">\n                      <div class=\"desc\">\n                         <h3><\/h3>\n                         <span class=\"cross\"><\/span>\n                         <p><\/p>\n                      <\/div>\n                   <\/div>\n               <\/a>\n             <\/div>\n          <\/div>\n  <\/div>\n<\/div>\n<!-- \/GALLERY SHORTCODE --><script>jQuery(window).load(function() {\n\"use strict\"; \n  var container = jQuery('#cont_4199'); \n  container.isotope({ \n  }); }); \n\/\/used for window resize\njQuery(window).resize(function() {\n\"use strict\";\nvar container = jQuery('#cont_4199');\ncontainer.isotope({ });\n});\n<\/script><\/div>  <\/div>  <\/div><\/section><section id=\"\"  class=\"light\"> <div class=\"container\">  <div class=\"row\"><div class=\"col-md-12  text-default\" ><div class=\"vc_separator wpb_content_element vc_separator_align_center vc_sep_width_100 vc_sep_pos_align_center vc_separator_no_text vc_sep_color_grey\"><span\n\t\tclass=\"vc_sep_holder vc_sep_holder_l\"><span\t\t\tclass=\"vc_sep_line\"><\/span><\/span><span\n\t\tclass=\"vc_sep_holder vc_sep_holder_r\"><span class=\"vc_sep_line\"><\/span><\/span>\n\t<\/div>\n<\/div>  <\/div>  <\/div><\/section><section id=\"\"  class=\"light\"> <div class=\"container\">  <div class=\"row\"><div class=\"col-md-8  text-default\" >\n\t<div class=\"wpb_text_column wpb_content_element \">\n\t\t<div class=\"wpb_wrapper\">\n\t\t\t<h2>Sealmaster-lastat<\/h2>\n<p>Neopreenilastat on tarkoitettu bitumilietteiden tasoitukseen. Saatavilla 60\u201390 cm levein\u00e4. Saatavilla on my\u00f6s varakumeja.<\/p>\n\n\t\t<\/div>\n\t<\/div>\n<div class=\"vc_btn3-container vc_btn3-inline\"><button class=\"vc_general vc_btn3 vc_btn3-size-md vc_btn3-shape-rounded vc_btn3-style-modern vc_btn3-color-primary\">Download PDF<\/button><\/div>\n<\/div><div class=\"col-md-4  text-default\" ><!-- GALLERY SHORTCODE --><div class=\"portfolio_masonry\">  <div class=\"row isotope_portfolio_container\" id=\"cont_2376\">\n          <div class=\"col-sm-4 col-md-4\">\n             <div class=\"portfolio_item\">\n               <a href=\"https:\/\/stradacon.ee\/wp-content\/uploads\/2016\/03\/image004-3.jpg\" class=\"lightbox_gallery\" data-caption=\"\" data-description=\"\" data-imagelightbox=\"gallery\">\n<img src=\"https:\/\/stradacon.ee\/wp-content\/uploads\/2016\/03\/image004-3.jpg\" alt=\"\" \/>\n                   <div class=\"overlay\">\n                      <div class=\"desc\">\n                         <h3><\/h3>\n                         <span class=\"cross\"><\/span>\n                         <p><\/p>\n                      <\/div>\n                   <\/div>\n               <\/a>\n             <\/div>\n          <\/div>\n  <\/div>\n<\/div>\n<!-- \/GALLERY SHORTCODE --><script>jQuery(window).load(function() {\n\"use strict\"; \n  var container = jQuery('#cont_2376'); \n  container.isotope({ \n  }); }); \n\/\/used for window resize\njQuery(window).resize(function() {\n\"use strict\";\nvar container = jQuery('#cont_2376');\ncontainer.isotope({ });\n});\n<\/script><\/div>  <\/div>  <\/div><\/section><section id=\"\"  class=\"light\"> <div class=\"container\">  <div class=\"row\"><div class=\"col-md-12  text-default\" ><div class=\"vc_separator wpb_content_element vc_separator_align_center vc_sep_width_100 vc_sep_pos_align_center vc_separator_no_text vc_sep_color_grey\"><span\n\t\tclass=\"vc_sep_holder vc_sep_holder_l\"><span\t\t\tclass=\"vc_sep_line\"><\/span><\/span><span\n\t\tclass=\"vc_sep_holder vc_sep_holder_r\"><span class=\"vc_sep_line\"><\/span><\/span>\n\t<\/div>\n<\/div>  <\/div>  <\/div><\/section><section id=\"\"  class=\"light\"> <div class=\"container\">  <div class=\"row\"><div class=\"col-md-8  text-default\" >\n\t<div class=\"wpb_text_column wpb_content_element \">\n\t\t<div class=\"wpb_wrapper\">\n\t\t\t<h2>V- ja U-muotoiset Sealmaster-lastat<\/h2>\n<p>Rakojen korjausmassan tasoitukseen.<\/p>\n\n\t\t<\/div>\n\t<\/div>\n<div class=\"vc_btn3-container vc_btn3-inline\"><button class=\"vc_general vc_btn3 vc_btn3-size-md vc_btn3-shape-rounded vc_btn3-style-modern vc_btn3-color-primary\">Download PDF<\/button><\/div>\n<\/div><div class=\"col-md-4  text-default\" ><!-- GALLERY SHORTCODE --><div class=\"portfolio_masonry\">  <div class=\"row isotope_portfolio_container\" id=\"cont_1140\">\n          <div class=\"col-sm-4 col-md-4\">\n             <div class=\"portfolio_item\">\n               <a href=\"https:\/\/stradacon.ee\/wp-content\/uploads\/2016\/03\/image005-2.jpg\" class=\"lightbox_gallery\" data-caption=\"\" data-description=\"\" data-imagelightbox=\"gallery\">\n<img src=\"https:\/\/stradacon.ee\/wp-content\/uploads\/2016\/03\/image005-2.jpg\" alt=\"\" \/>\n                   <div class=\"overlay\">\n                      <div class=\"desc\">\n                         <h3><\/h3>\n                         <span class=\"cross\"><\/span>\n                         <p><\/p>\n                      <\/div>\n                   <\/div>\n               <\/a>\n             <\/div>\n          <\/div>\n  <\/div>\n<\/div>\n<!-- \/GALLERY SHORTCODE --><script>jQuery(window).load(function() {\n\"use strict\"; \n  var container = jQuery('#cont_1140'); \n  container.isotope({ \n  }); }); \n\/\/used for window resize\njQuery(window).resize(function() {\n\"use strict\";\nvar container = jQuery('#cont_1140');\ncontainer.isotope({ });\n});\n<\/script><\/div>  <\/div>  <\/div><\/section><section id=\"\"  class=\"light\"> <div class=\"container\">  <div class=\"row\"><div class=\"col-md-12  text-default\" ><div class=\"vc_separator wpb_content_element vc_separator_align_center vc_sep_width_100 vc_sep_pos_align_center vc_separator_no_text vc_sep_color_grey\"><span\n\t\tclass=\"vc_sep_holder vc_sep_holder_l\"><span\t\t\tclass=\"vc_sep_line\"><\/span><\/span><span\n\t\tclass=\"vc_sep_holder vc_sep_holder_r\"><span class=\"vc_sep_line\"><\/span><\/span>\n\t<\/div>\n<\/div>  <\/div>  <\/div><\/section><section id=\"\"  class=\"light\"> <div class=\"container\">  <div class=\"row\"><div class=\"col-md-8  text-default\" >\n\t<div class=\"wpb_text_column wpb_content_element \">\n\t\t<div class=\"wpb_wrapper\">\n\t\t\t<h2>Sealmaster Sandliner<\/h2>\n<p>K\u00e4tev\u00e4, kevyt, k\u00e4dess\u00e4 pidett\u00e4v\u00e4 hiekansirotin, jossa on pitk\u00e4nomainen 10 kg:n \u00e4mp\u00e4ri, pitk\u00e4 kantokahva ja liipaisin. Ei rasita selk\u00e4\u00e4.<\/p>\n\n\t\t<\/div>\n\t<\/div>\n<div class=\"vc_btn3-container vc_btn3-inline\"><button class=\"vc_general vc_btn3 vc_btn3-size-md vc_btn3-shape-rounded vc_btn3-style-modern vc_btn3-color-primary\">Download PDF<\/button><\/div>\n<\/div><div class=\"col-md-4  text-default\" ><!-- GALLERY SHORTCODE --><div class=\"portfolio_masonry\">  <div class=\"row isotope_portfolio_container\" id=\"cont_179\">\n          <div class=\"col-sm-4 col-md-4\">\n             <div class=\"portfolio_item\">\n               <a href=\"https:\/\/stradacon.ee\/wp-content\/uploads\/2016\/03\/image007.png\" class=\"lightbox_gallery\" data-caption=\"\" data-description=\"\" data-imagelightbox=\"gallery\">\n<img src=\"https:\/\/stradacon.ee\/wp-content\/uploads\/2016\/03\/image007.png\" alt=\"\" \/>\n                   <div class=\"overlay\">\n                      <div class=\"desc\">\n                         <h3><\/h3>\n                         <span class=\"cross\"><\/span>\n                         <p><\/p>\n                      <\/div>\n                   <\/div>\n               <\/a>\n             <\/div>\n          <\/div>\n  <\/div>\n<\/div>\n<!-- \/GALLERY SHORTCODE --><script>jQuery(window).load(function() {\n\"use strict\"; \n  var container = jQuery('#cont_179'); \n  container.isotope({ \n  }); }); \n\/\/used for window resize\njQuery(window).resize(function() {\n\"use strict\";\nvar container = jQuery('#cont_179');\ncontainer.isotope({ });\n});\n<\/script><\/div>  <\/div>  <\/div><\/section><section id=\"\"  class=\"light\"> <div class=\"container\">  <div class=\"row\"><div class=\"col-md-12  text-default\" ><div class=\"vc_separator wpb_content_element vc_separator_align_center vc_sep_width_100 vc_sep_pos_align_center vc_separator_no_text vc_sep_color_grey\"><span\n\t\tclass=\"vc_sep_holder vc_sep_holder_l\"><span\t\t\tclass=\"vc_sep_line\"><\/span><\/span><span\n\t\tclass=\"vc_sep_holder vc_sep_holder_r\"><span class=\"vc_sep_line\"><\/span><\/span>\n\t<\/div>\n<\/div>  <\/div>  <\/div><\/section><section id=\"\"  class=\"light\"> <div class=\"container\">  <div class=\"row\"><div class=\"col-md-8  text-default\" >\n\t<div class=\"wpb_text_column wpb_content_element \">\n\t\t<div class=\"wpb_wrapper\">\n\t\t\t<h2>Sealer Wheeler<\/h2>\n<p>Sealer Wheeler on tarkoitettu bitumilietteen tiivisteiden sekoitukseen ja levitykseen. Sealer Wheeleriss\u00e4 on k\u00e4sisekoitin, py\u00f6r\u00e4t ja alaosassa sijaitseva k\u00e4tev\u00e4ll\u00e4 liipaisimella varustettu hana. Koot 100 L ja 200 L.<\/p>\n\n\t\t<\/div>\n\t<\/div>\n<div class=\"vc_btn3-container vc_btn3-inline\"><button class=\"vc_general vc_btn3 vc_btn3-size-md vc_btn3-shape-rounded vc_btn3-style-modern vc_btn3-color-primary\">Download PDF<\/button><\/div>\n<\/div><div class=\"col-md-4  text-default\" ><!-- GALLERY SHORTCODE --><div class=\"portfolio_masonry\">  <div class=\"row isotope_portfolio_container\" id=\"cont_3542\">\n          <div class=\"col-sm-4 col-md-4\">\n             <div class=\"portfolio_item\">\n               <a href=\"https:\/\/stradacon.ee\/wp-content\/uploads\/2016\/03\/image009-1.jpg\" class=\"lightbox_gallery\" data-caption=\"\" data-description=\"\" data-imagelightbox=\"gallery\">\n<img src=\"https:\/\/stradacon.ee\/wp-content\/uploads\/2016\/03\/image009-1.jpg\" alt=\"\" \/>\n                   <div class=\"overlay\">\n                      <div class=\"desc\">\n                         <h3><\/h3>\n                         <span class=\"cross\"><\/span>\n                         <p><\/p>\n                      <\/div>\n                   <\/div>\n               <\/a>\n             <\/div>\n          <\/div>\n  <\/div>\n<\/div>\n<!-- \/GALLERY SHORTCODE --><script>jQuery(window).load(function() {\n\"use strict\"; \n  var container = jQuery('#cont_3542'); \n  container.isotope({ \n  }); }); \n\/\/used for window resize\njQuery(window).resize(function() {\n\"use strict\";\nvar container = jQuery('#cont_3542');\ncontainer.isotope({ });\n});\n<\/script><\/div>  <\/div>  <\/div><\/section><section id=\"\"  class=\"light\"> <div class=\"container\">  <div class=\"row\"><div class=\"col-md-12  text-default\" ><div class=\"vc_separator wpb_content_element vc_separator_align_center vc_sep_width_100 vc_sep_pos_align_center vc_separator_no_text vc_sep_color_grey\"><span\n\t\tclass=\"vc_sep_holder vc_sep_holder_l\"><span\t\t\tclass=\"vc_sep_line\"><\/span><\/span><span\n\t\tclass=\"vc_sep_holder vc_sep_holder_r\"><span class=\"vc_sep_line\"><\/span><\/span>\n\t<\/div>\n<\/div>  <\/div>  <\/div><\/section><section id=\"\"  class=\"light\"> <div class=\"container\">  <div class=\"row\"><div class=\"col-md-8  text-default\" >\n\t<div class=\"wpb_text_column wpb_content_element \">\n\t\t<div class=\"wpb_wrapper\">\n\t\t\t<h2>Sealmaster Sand Pump II<\/h2>\n<p>Monik\u00e4ytt\u00f6inen paineilmak\u00e4ytt\u00f6inen 2-kalvoinen pumppu, jolla voi puhdistaa rakoja, levitt\u00e4\u00e4 sek\u00e4 mineraalipitoisia bitumilietteit\u00e4 ett\u00e4 rakojen korjausmassoja.<br \/>\nEri teht\u00e4vi\u00e4 varten tulee vaihtaa suuttimia.<\/p>\n\n\t\t<\/div>\n\t<\/div>\n<div class=\"vc_btn3-container vc_btn3-inline\"><button class=\"vc_general vc_btn3 vc_btn3-size-md vc_btn3-shape-rounded vc_btn3-style-modern vc_btn3-color-primary\">Download PDF<\/button><\/div>\n<\/div><div class=\"col-md-4  text-default\" ><!-- GALLERY SHORTCODE --><div class=\"portfolio_masonry\">  <div class=\"row isotope_portfolio_container\" id=\"cont_2905\">\n          <div class=\"col-sm-4 col-md-4\">\n             <div class=\"portfolio_item\">\n               <a href=\"https:\/\/stradacon.ee\/wp-content\/uploads\/2016\/03\/image010.jpg\" class=\"lightbox_gallery\" data-caption=\"\" data-description=\"\" data-imagelightbox=\"gallery\">\n<img src=\"https:\/\/stradacon.ee\/wp-content\/uploads\/2016\/03\/image010.jpg\" alt=\"\" \/>\n                   <div class=\"overlay\">\n                      <div class=\"desc\">\n                         <h3><\/h3>\n                         <span class=\"cross\"><\/span>\n                         <p><\/p>\n                      <\/div>\n                   <\/div>\n               <\/a>\n             <\/div>\n          <\/div>\n  <\/div>\n<\/div>\n<!-- \/GALLERY SHORTCODE --><script>jQuery(window).load(function() {\n\"use strict\"; \n  var container = jQuery('#cont_2905'); \n  container.isotope({ \n  }); }); \n\/\/used for window resize\njQuery(window).resize(function() {\n\"use strict\";\nvar container = jQuery('#cont_2905');\ncontainer.isotope({ });\n});\n<\/script><\/div>  <\/div>  <\/div><\/section><section id=\"\"  class=\"light\"> <div class=\"container\">  <div class=\"row\"><div class=\"col-md-12  text-default\" ><div class=\"vc_separator wpb_content_element vc_separator_align_center vc_sep_width_100 vc_sep_pos_align_center vc_separator_no_text vc_sep_color_grey\"><span\n\t\tclass=\"vc_sep_holder vc_sep_holder_l\"><span\t\t\tclass=\"vc_sep_line\"><\/span><\/span><span\n\t\tclass=\"vc_sep_holder vc_sep_holder_r\"><span class=\"vc_sep_line\"><\/span><\/span>\n\t<\/div>\n<\/div>  <\/div>  <\/div><\/section><section id=\"\"  class=\"light\"> <div class=\"container\">  <div class=\"row\"><div class=\"col-md-8  text-default\" >\n\t<div class=\"wpb_text_column wpb_content_element \">\n\t\t<div class=\"wpb_wrapper\">\n\t\t\t<h2>Sealmaster Crack Pro Turbo<\/h2>\n<p>Kaasuk\u00e4ytt\u00f6inen kuumailmapiikki, jossa bensiinimoottorilla toimiva kompressori. Eritt\u00e4in k\u00e4tev\u00e4 ohjata. <\/p>\n\n\t\t<\/div>\n\t<\/div>\n<div class=\"vc_btn3-container vc_btn3-inline\"><button class=\"vc_general vc_btn3 vc_btn3-size-md vc_btn3-shape-rounded vc_btn3-style-modern vc_btn3-color-primary\">Download PDF<\/button><\/div>\n<\/div><div class=\"col-md-4  text-default\" ><!-- GALLERY SHORTCODE --><div class=\"portfolio_masonry\">  <div class=\"row isotope_portfolio_container\" id=\"cont_2854\">\n          <div class=\"col-sm-4 col-md-4\">\n             <div class=\"portfolio_item\">\n               <a href=\"https:\/\/stradacon.ee\/wp-content\/uploads\/2016\/03\/image012.jpg\" class=\"lightbox_gallery\" data-caption=\"\" data-description=\"\" data-imagelightbox=\"gallery\">\n<img src=\"https:\/\/stradacon.ee\/wp-content\/uploads\/2016\/03\/image012.jpg\" alt=\"\" \/>\n                   <div class=\"overlay\">\n                      <div class=\"desc\">\n                         <h3><\/h3>\n                         <span class=\"cross\"><\/span>\n                         <p><\/p>\n                      <\/div>\n                   <\/div>\n               <\/a>\n             <\/div>\n          <\/div>\n  <\/div>\n<\/div>\n<!-- \/GALLERY SHORTCODE --><script>jQuery(window).load(function() {\n\"use strict\"; \n  var container = jQuery('#cont_2854'); \n  container.isotope({ \n  }); }); \n\/\/used for window resize\njQuery(window).resize(function() {\n\"use strict\";\nvar container = jQuery('#cont_2854');\ncontainer.isotope({ });\n});\n<\/script><\/div>  <\/div>  <\/div><\/section><section id=\"\"  class=\"light\"> <div class=\"container\">  <div class=\"row\"><div class=\"col-md-12  text-default\" ><div class=\"vc_separator wpb_content_element vc_separator_align_center vc_sep_width_100 vc_sep_pos_align_center vc_separator_no_text vc_sep_color_grey\"><span\n\t\tclass=\"vc_sep_holder vc_sep_holder_l\"><span\t\t\tclass=\"vc_sep_line\"><\/span><\/span><span\n\t\tclass=\"vc_sep_holder vc_sep_holder_r\"><span class=\"vc_sep_line\"><\/span><\/span>\n\t<\/div>\n<\/div>  <\/div>  <\/div><\/section><section id=\"\"  class=\"light\"> <div class=\"container\">  <div class=\"row\"><div class=\"col-md-8  text-default\" >\n\t<div class=\"wpb_text_column wpb_content_element \">\n\t\t<div class=\"wpb_wrapper\">\n\t\t\t<h2>Sealmaster MA-10 -bitumikattila, 38 L<\/h2>\n<p>Kattilalla voi sulattaa ja levitt\u00e4\u00e4 bitumin kuumavalumassoja.<\/p>\n\n\t\t<\/div>\n\t<\/div>\n<div class=\"vc_btn3-container vc_btn3-inline\"><button class=\"vc_general vc_btn3 vc_btn3-size-md vc_btn3-shape-rounded vc_btn3-style-modern vc_btn3-color-primary\">Download PDF<\/button><\/div>\n<\/div><div class=\"col-md-4  text-default\" ><!-- GALLERY SHORTCODE --><div class=\"portfolio_masonry\">  <div class=\"row isotope_portfolio_container\" id=\"cont_4790\">\n          <div class=\"col-sm-4 col-md-4\">\n             <div class=\"portfolio_item\">\n               <a href=\"https:\/\/stradacon.ee\/wp-content\/uploads\/2016\/03\/image013.jpg\" class=\"lightbox_gallery\" data-caption=\"\" data-description=\"\" data-imagelightbox=\"gallery\">\n<img src=\"https:\/\/stradacon.ee\/wp-content\/uploads\/2016\/03\/image013.jpg\" alt=\"\" \/>\n                   <div class=\"overlay\">\n                      <div class=\"desc\">\n                         <h3><\/h3>\n                         <span class=\"cross\"><\/span>\n                         <p><\/p>\n                      <\/div>\n                   <\/div>\n               <\/a>\n             <\/div>\n          <\/div>\n  <\/div>\n<\/div>\n<!-- \/GALLERY SHORTCODE --><script>jQuery(window).load(function() {\n\"use strict\"; \n  var container = jQuery('#cont_4790'); \n  container.isotope({ \n  }); }); \n\/\/used for window resize\njQuery(window).resize(function() {\n\"use strict\";\nvar container = jQuery('#cont_4790');\ncontainer.isotope({ });\n});\n<\/script><\/div>  <\/div>  <\/div><\/section><section id=\"\"  class=\"light\"> <div class=\"container\">  <div class=\"row\"><div class=\"col-md-12  text-default\" ><div class=\"vc_separator wpb_content_element vc_separator_align_center vc_sep_width_100 vc_sep_pos_align_center vc_separator_no_text vc_sep_color_grey\"><span\n\t\tclass=\"vc_sep_holder vc_sep_holder_l\"><span\t\t\tclass=\"vc_sep_line\"><\/span><\/span><span\n\t\tclass=\"vc_sep_holder vc_sep_holder_r\"><span class=\"vc_sep_line\"><\/span><\/span>\n\t<\/div>\n<\/div>  <\/div>  <\/div><\/section><section id=\"\"  class=\"light\"> <div class=\"container\">  <div class=\"row\"><div class=\"col-md-8  text-default\" >\n\t<div class=\"wpb_text_column wpb_content_element \">\n\t\t<div class=\"wpb_wrapper\">\n\t\t\t<h2>Billy Goat Grazor<\/h2>\n<p>Honda-moottorilla (4 hv) ja ter\u00e4sharjalla (halk. 20 cm) varustettu rakojen puhdistuslaite.<\/p>\n\n\t\t<\/div>\n\t<\/div>\n<div class=\"vc_btn3-container vc_btn3-inline\"><button class=\"vc_general vc_btn3 vc_btn3-size-md vc_btn3-shape-rounded vc_btn3-style-modern vc_btn3-color-primary\">Download PDF<\/button><\/div>\n<\/div><div class=\"col-md-4  text-default\" ><!-- GALLERY SHORTCODE --><div class=\"portfolio_masonry\">  <div class=\"row isotope_portfolio_container\" id=\"cont_3608\">\n          <div class=\"col-sm-4 col-md-4\">\n             <div class=\"portfolio_item\">\n               <a href=\"https:\/\/stradacon.ee\/wp-content\/uploads\/2016\/03\/image015.jpg\" class=\"lightbox_gallery\" data-caption=\"\" data-description=\"\" data-imagelightbox=\"gallery\">\n<img src=\"https:\/\/stradacon.ee\/wp-content\/uploads\/2016\/03\/image015.jpg\" alt=\"\" \/>\n                   <div class=\"overlay\">\n                      <div class=\"desc\">\n                         <h3><\/h3>\n                         <span class=\"cross\"><\/span>\n                         <p><\/p>\n                      <\/div>\n                   <\/div>\n               <\/a>\n             <\/div>\n          <\/div>\n  <\/div>\n<\/div>\n<!-- \/GALLERY SHORTCODE --><script>jQuery(window).load(function() {\n\"use strict\"; \n  var container = jQuery('#cont_3608'); \n  container.isotope({ \n  }); }); \n\/\/used for window resize\njQuery(window).resize(function() {\n\"use strict\";\nvar container = jQuery('#cont_3608');\ncontainer.isotope({ });\n});\n<\/script><\/div>  <\/div>  <\/div><\/section><section id=\"\"  class=\"light\"> <div class=\"container\">  <div class=\"row\"><div class=\"col-md-12  text-default\" ><div class=\"vc_separator wpb_content_element vc_separator_align_center vc_sep_width_100 vc_sep_pos_align_center vc_separator_no_text vc_sep_color_grey\"><span\n\t\tclass=\"vc_sep_holder vc_sep_holder_l\"><span\t\t\tclass=\"vc_sep_line\"><\/span><\/span><span\n\t\tclass=\"vc_sep_holder vc_sep_holder_r\"><span class=\"vc_sep_line\"><\/span><\/span>\n\t<\/div>\n<\/div>  <\/div>  <\/div><\/section><\/p>","protected":false},"excerpt":{"rendered":"Sealmaster Hand Tamper K\u00e4sisurvin on hyv\u00e4 apuv\u00e4line kylm\u00e4n asfalttiseoksen tiivistykseen pieni\u00e4 reiki\u00e4 paikattaessa. Download PDF jQuery(window).load(function() { \"use strict\"; var container = jQuery('#cont_1709'); container.isotope({ }); }); \/\/used for window resize jQuery(window).resize(function() { \"use strict\"; var container = jQuery('#cont_1709'); container.isotope({ }); }); Sealmaster-lastat Neopreenilastat on tarkoitettu bitumilietteiden tasoitukseen. Saatavilla 60\u201390 cm levein\u00e4. Saatavilla on my\u00f6s varakumeja. [...]","protected":false},"author":1,"featured_media":0,"parent":0,"menu_order":0,"comment_status":"closed","ping_status":"closed","template":"","meta":[],"_links":{"self":[{"href":"https:\/\/stradacon.ee\/fi\/wp-json\/wp\/v2\/pages\/2162"}],"collection":[{"href":"https:\/\/stradacon.ee\/fi\/wp-json\/wp\/v2\/pages"}],"about":[{"href":"https:\/\/stradacon.ee\/fi\/wp-json\/wp\/v2\/types\/page"}],"author":[{"embeddable":true,"href":"https:\/\/stradacon.ee\/fi\/wp-json\/wp\/v2\/users\/1"}],"replies":[{"embeddable":true,"href":"https:\/\/stradacon.ee\/fi\/wp-json\/wp\/v2\/comments?post=2162"}],"version-history":[{"count":5,"href":"https:\/\/stradacon.ee\/fi\/wp-json\/wp\/v2\/pages\/2162\/revisions"}],"predecessor-version":[{"id":2712,"href":"https:\/\/stradacon.ee\/fi\/wp-json\/wp\/v2\/pages\/2162\/revisions\/2712"}],"wp:attachment":[{"href":"https:\/\/stradacon.ee\/fi\/wp-json\/wp\/v2\/media?parent=2162"}],"curies":[{"name":"wp","href":"https:\/\/api.w.org\/{rel}","templated":true}]}}