{"id":2156,"date":"2016-03-28T12:41:14","date_gmt":"2016-03-28T09:41:14","guid":{"rendered":"http:\/\/stradacon.ee\/?page_id=2156"},"modified":"2019-03-25T19:19:16","modified_gmt":"2019-03-25T17:19:16","slug":"lisandid","status":"publish","type":"page","link":"https:\/\/stradacon.ee\/fi\/lisandid\/","title":{"rendered":"Lis\u00e4kkeet"},"content":{"rendered":"<p><section id=\"\"  class=\"light\"> <div class=\"container\">  <div class=\"row\"><div class=\"col-md-8  text-default\" >\n\t<div class=\"wpb_text_column wpb_content_element \">\n\t\t<div class=\"wpb_wrapper\">\n\t\t\t<h2>Sealmaster Top Tuff<\/h2>\n<p>Sealmaster Top Tuff on bitumilietteiden modifiointiin tarkoitettu polymeerilateksihartsin emulsio, joka vahvistaa kerrosta, auttaa paremmin sitomaan mineraaleja, lis\u00e4\u00e4 \u00f6ljyn- ja polttoaineenkest\u00e4vyytt\u00e4.<br \/>\nLis\u00e4t\u00e4\u00e4n n. 2 % bitumiemulsion m\u00e4\u00e4r\u00e4\u00e4 kohden.<br \/>\nPakkaus 18,9 litran \u00e4mp\u00e4ri<\/p>\n\n\t\t<\/div>\n\t<\/div>\n<div class=\"vc_btn3-container vc_btn3-inline\"><a class=\"vc_general vc_btn3 vc_btn3-size-md vc_btn3-shape-rounded vc_btn3-style-modern vc_btn3-color-primary\" href=\"http:\/\/stradacon.ee\/wp-content\/uploads\/2016\/04\/TopTuff-eng.pdf\" title=\"\" target=\"_blank\">Download PDF<\/a><\/div>\n<\/div><div class=\"col-md-4  text-default\" ><!-- GALLERY SHORTCODE --><div class=\"portfolio_masonry\">  <div class=\"row isotope_portfolio_container\" id=\"cont_2886\">\n          <div class=\"col-sm-4 col-md-4\">\n             <div class=\"portfolio_item\">\n               <a href=\"https:\/\/stradacon.ee\/wp-content\/uploads\/2016\/03\/image003-6.jpg\" class=\"lightbox_gallery\" data-caption=\"\" data-description=\"\" data-imagelightbox=\"gallery\">\n<img src=\"https:\/\/stradacon.ee\/wp-content\/uploads\/2016\/03\/image003-6.jpg\" alt=\"\" \/>\n                   <div class=\"overlay\">\n                      <div class=\"desc\">\n                         <h3><\/h3>\n                         <span class=\"cross\"><\/span>\n                         <p><\/p>\n                      <\/div>\n                   <\/div>\n               <\/a>\n             <\/div>\n          <\/div>\n  <\/div>\n<\/div>\n<!-- \/GALLERY SHORTCODE --><script>jQuery(window).load(function() {\n\"use strict\"; \n  var container = jQuery('#cont_2886'); \n  container.isotope({ \n  }); }); \n\/\/used for window resize\njQuery(window).resize(function() {\n\"use strict\";\nvar container = jQuery('#cont_2886');\ncontainer.isotope({ });\n});\n<\/script><\/div>  <\/div>  <\/div><\/section><section id=\"\"  class=\"light\"> <div class=\"container\">  <div class=\"row\"><div class=\"col-md-12  text-default\" ><div class=\"vc_separator wpb_content_element vc_separator_align_center vc_sep_width_100 vc_sep_pos_align_center vc_separator_no_text vc_sep_color_grey\"><span\n\t\tclass=\"vc_sep_holder vc_sep_holder_l\"><span\t\t\tclass=\"vc_sep_line\"><\/span><\/span><span\n\t\tclass=\"vc_sep_holder vc_sep_holder_r\"><span class=\"vc_sep_line\"><\/span><\/span>\n\t<\/div>\n<\/div>  <\/div>  <\/div><\/section><section id=\"\"  class=\"light\"> <div class=\"container\">  <div class=\"row\"><div class=\"col-md-8  text-default\" >\n\t<div class=\"wpb_text_column wpb_content_element \">\n\t\t<div class=\"wpb_wrapper\">\n\t\t\t<h2>FASS-DRI\u2122<\/h2>\n<p>Nanoteknologiaa hy\u00f6dynt\u00e4v\u00e4 kovete, jota bitumiemulsioon lis\u00e4tt\u00e4ess\u00e4 tie on liikennekelpoinen jo 30 minuutin kuluttua materiaalin levityksest\u00e4. Pakkaus 13,15 kg \u00e4mp\u00e4ri.<\/p>\n\n\t\t<\/div>\n\t<\/div>\n<div class=\"vc_btn3-container vc_btn3-inline\"><a class=\"vc_general vc_btn3 vc_btn3-size-md vc_btn3-shape-rounded vc_btn3-style-modern vc_btn3-color-primary\" href=\"http:\/\/stradacon.ee\/wp-content\/uploads\/2016\/04\/FASSDRI_Spec-eng.pdf\" title=\"\" target=\"_blank\">Download PDF<\/a><\/div>\n<\/div><div class=\"col-md-4  text-default\" ><!-- GALLERY SHORTCODE --><div class=\"portfolio_masonry\">  <div class=\"row isotope_portfolio_container\" id=\"cont_954\">\n          <div class=\"col-sm-4 col-md-4\">\n             <div class=\"portfolio_item\">\n               <a href=\"https:\/\/stradacon.ee\/wp-content\/uploads\/2016\/03\/image002-2.jpg\" class=\"lightbox_gallery\" data-caption=\"\" data-description=\"\" data-imagelightbox=\"gallery\">\n<img src=\"https:\/\/stradacon.ee\/wp-content\/uploads\/2016\/03\/image002-2.jpg\" alt=\"\" \/>\n                   <div class=\"overlay\">\n                      <div class=\"desc\">\n                         <h3><\/h3>\n                         <span class=\"cross\"><\/span>\n                         <p><\/p>\n                      <\/div>\n                   <\/div>\n               <\/a>\n             <\/div>\n          <\/div>\n  <\/div>\n<\/div>\n<!-- \/GALLERY SHORTCODE --><script>jQuery(window).load(function() {\n\"use strict\"; \n  var container = jQuery('#cont_954'); \n  container.isotope({ \n  }); }); \n\/\/used for window resize\njQuery(window).resize(function() {\n\"use strict\";\nvar container = jQuery('#cont_954');\ncontainer.isotope({ });\n});\n<\/script><\/div>  <\/div>  <\/div><\/section><\/p>","protected":false},"excerpt":{"rendered":"Sealmaster Top Tuff Sealmaster Top Tuff on bitumilietteiden modifiointiin tarkoitettu polymeerilateksihartsin emulsio, joka vahvistaa kerrosta, auttaa paremmin sitomaan mineraaleja, lis\u00e4\u00e4 \u00f6ljyn- ja polttoaineenkest\u00e4vyytt\u00e4. Lis\u00e4t\u00e4\u00e4n n. 2 % bitumiemulsion m\u00e4\u00e4r\u00e4\u00e4 kohden. Pakkaus 18,9 litran \u00e4mp\u00e4ri Download PDF jQuery(window).load(function() { \"use strict\"; var container = jQuery('#cont_1284'); container.isotope({ }); }); \/\/used for window resize jQuery(window).resize(function() { \"use strict\"; [...]","protected":false},"author":1,"featured_media":0,"parent":0,"menu_order":0,"comment_status":"closed","ping_status":"closed","template":"","meta":[],"_links":{"self":[{"href":"https:\/\/stradacon.ee\/fi\/wp-json\/wp\/v2\/pages\/2156"}],"collection":[{"href":"https:\/\/stradacon.ee\/fi\/wp-json\/wp\/v2\/pages"}],"about":[{"href":"https:\/\/stradacon.ee\/fi\/wp-json\/wp\/v2\/types\/page"}],"author":[{"embeddable":true,"href":"https:\/\/stradacon.ee\/fi\/wp-json\/wp\/v2\/users\/1"}],"replies":[{"embeddable":true,"href":"https:\/\/stradacon.ee\/fi\/wp-json\/wp\/v2\/comments?post=2156"}],"version-history":[{"count":5,"href":"https:\/\/stradacon.ee\/fi\/wp-json\/wp\/v2\/pages\/2156\/revisions"}],"predecessor-version":[{"id":2711,"href":"https:\/\/stradacon.ee\/fi\/wp-json\/wp\/v2\/pages\/2156\/revisions\/2711"}],"wp:attachment":[{"href":"https:\/\/stradacon.ee\/fi\/wp-json\/wp\/v2\/media?parent=2156"}],"curies":[{"name":"wp","href":"https:\/\/api.w.org\/{rel}","templated":true}]}}