{"id":2125,"date":"2016-03-28T11:34:59","date_gmt":"2016-03-28T08:34:59","guid":{"rendered":"http:\/\/stradacon.ee\/?page_id=2125"},"modified":"2019-03-25T19:18:37","modified_gmt":"2019-03-25T17:18:37","slug":"krundid-ja-ettevalmistus","status":"publish","type":"page","link":"https:\/\/stradacon.ee\/fi\/krundid-ja-ettevalmistus\/","title":{"rendered":"Pohjusteet ja alustan esik\u00e4sittely"},"content":{"rendered":"<p><section id=\"\"  class=\"light\"> <div class=\"container\">  <div class=\"row\"><div class=\"col-md-8  text-default\" >\n\t<div class=\"wpb_text_column wpb_content_element \">\n\t\t<div class=\"wpb_wrapper\">\n\t\t\t<h2>SABA Primer H17<\/h2>\n<p>SABA Primer H17 on 2-komponenttinen epoksidipohjuste huokoisiin alustoihin. Levitett\u00e4v\u00e4 ennen alustan k\u00e4sittely\u00e4 SABA-merkkisell\u00e4 polysulfidisella tiivistysaineella tai emulsiolla.<\/p>\n\n\t\t<\/div>\n\t<\/div>\n<div class=\"vc_btn3-container vc_btn3-inline\"><a class=\"vc_general vc_btn3 vc_btn3-size-md vc_btn3-shape-rounded vc_btn3-style-modern vc_btn3-color-primary\" href=\"http:\/\/stradacon.ee\/wp-content\/uploads\/2016\/03\/Primer-H17.pdf\" title=\"\" target=\"_blank\">Download PDF<\/a><\/div>\n<\/div><div class=\"col-md-4  text-default\" ><!-- GALLERY SHORTCODE --><div class=\"portfolio_masonry\">  <div class=\"row isotope_portfolio_container\" id=\"cont_3605\">\n          <div class=\"col-sm-4 col-md-4\">\n             <div class=\"portfolio_item\">\n               <a href=\"https:\/\/stradacon.ee\/wp-content\/uploads\/2016\/03\/Y4tHjqx0GQjo08Fp.jpg\" class=\"lightbox_gallery\" data-caption=\"\" data-description=\"\" data-imagelightbox=\"gallery\">\n<img src=\"https:\/\/stradacon.ee\/wp-content\/uploads\/2016\/03\/Y4tHjqx0GQjo08Fp.jpg\" alt=\"\" \/>\n                   <div class=\"overlay\">\n                      <div class=\"desc\">\n                         <h3><\/h3>\n                         <span class=\"cross\"><\/span>\n                         <p><\/p>\n                      <\/div>\n                   <\/div>\n               <\/a>\n             <\/div>\n          <\/div>\n  <\/div>\n<\/div>\n<!-- \/GALLERY SHORTCODE --><script>jQuery(window).load(function() {\n\"use strict\"; \n  var container = jQuery('#cont_3605'); \n  container.isotope({ \n  }); }); \n\/\/used for window resize\njQuery(window).resize(function() {\n\"use strict\";\nvar container = jQuery('#cont_3605');\ncontainer.isotope({ });\n});\n<\/script><\/div>  <\/div>  <\/div><\/section><section id=\"\"  class=\"light\"> <div class=\"container\">  <div class=\"row\"><div class=\"col-md-12  text-default\" ><div class=\"vc_separator wpb_content_element vc_separator_align_center vc_sep_width_100 vc_sep_pos_align_center vc_separator_no_text vc_sep_color_grey\"><span\n\t\tclass=\"vc_sep_holder vc_sep_holder_l\"><span\t\t\tclass=\"vc_sep_line\"><\/span><\/span><span\n\t\tclass=\"vc_sep_holder vc_sep_holder_r\"><span class=\"vc_sep_line\"><\/span><\/span>\n\t<\/div>\n<\/div>  <\/div>  <\/div><\/section><section id=\"\"  class=\"light\"> <div class=\"container\">  <div class=\"row\"><div class=\"col-md-8  text-default\" >\n\t<div class=\"wpb_text_column wpb_content_element \">\n\t\t<div class=\"wpb_wrapper\">\n\t\t\t<h2>SABA Primer 9002<\/h2>\n<p>SABA Primer 9002 on 1-komponenttinen pohjuste erilaisten alustojen esik\u00e4sittelyyn. Sit\u00e4 voi k\u00e4ytt\u00e4\u00e4 merenkulku-, kuljetus-, rakennus- ja teollisuusalalla. SABA Primer 9002 on eritt\u00e4in sopiva huokoisten ja ei-huokoisten mineraalipintojen ja maalattujen pintojen esik\u00e4sittelyyn.\u00a0Primer 9002 sopii SABA-merkkisten MS-polymeerituotteiden esik\u00e4sittelyyn.<\/p>\n\n\t\t<\/div>\n\t<\/div>\n<div class=\"vc_btn3-container vc_btn3-inline\"><a class=\"vc_general vc_btn3 vc_btn3-size-md vc_btn3-shape-rounded vc_btn3-style-modern vc_btn3-color-primary\" href=\"http:\/\/stradacon.ee\/wp-content\/uploads\/2016\/03\/Primer-9002.pdf\" title=\"\" target=\"_blank\">Download PDF<\/a><\/div>\n<\/div><div class=\"col-md-4  text-default\" ><!-- GALLERY SHORTCODE --><div class=\"portfolio_masonry\">  <div class=\"row isotope_portfolio_container\" id=\"cont_498\">\n          <div class=\"col-sm-4 col-md-4\">\n             <div class=\"portfolio_item\">\n               <a href=\"https:\/\/stradacon.ee\/wp-content\/uploads\/2016\/03\/P4F9MrS7SN19Ztc3.jpg\" class=\"lightbox_gallery\" data-caption=\"\" data-description=\"\" data-imagelightbox=\"gallery\">\n<img src=\"https:\/\/stradacon.ee\/wp-content\/uploads\/2016\/03\/P4F9MrS7SN19Ztc3.jpg\" alt=\"\" \/>\n                   <div class=\"overlay\">\n                      <div class=\"desc\">\n                         <h3><\/h3>\n                         <span class=\"cross\"><\/span>\n                         <p><\/p>\n                      <\/div>\n                   <\/div>\n               <\/a>\n             <\/div>\n          <\/div>\n  <\/div>\n<\/div>\n<!-- \/GALLERY SHORTCODE --><script>jQuery(window).load(function() {\n\"use strict\"; \n  var container = jQuery('#cont_498'); \n  container.isotope({ \n  }); }); \n\/\/used for window resize\njQuery(window).resize(function() {\n\"use strict\";\nvar container = jQuery('#cont_498');\ncontainer.isotope({ });\n});\n<\/script><\/div>  <\/div>  <\/div><\/section><section id=\"\"  class=\"light\"> <div class=\"container\">  <div class=\"row\"><div class=\"col-md-12  text-default\" ><div class=\"vc_separator wpb_content_element vc_separator_align_center vc_sep_width_100 vc_sep_pos_align_center vc_separator_no_text vc_sep_color_grey\"><span\n\t\tclass=\"vc_sep_holder vc_sep_holder_l\"><span\t\t\tclass=\"vc_sep_line\"><\/span><\/span><span\n\t\tclass=\"vc_sep_holder vc_sep_holder_r\"><span class=\"vc_sep_line\"><\/span><\/span>\n\t<\/div>\n<\/div>  <\/div>  <\/div><\/section><section id=\"\"  class=\"light\"> <div class=\"container\">  <div class=\"row\"><div class=\"col-md-8  text-default\" >\n\t<div class=\"wpb_text_column wpb_content_element \">\n\t\t<div class=\"wpb_wrapper\">\n\t\t\t<h2>Primer 9911<\/h2>\n<p>Primer 9911 on 2-komponenttinen epoksidipohjuste bitumipohjaisiin materiaaleihin, esim. asfalttibetonisiin tienp\u00e4\u00e4llysteisiin. Sopii polysulfidipohjaisten saumausaineiden esik\u00e4sittelyyn.<\/p>\n\n\t\t<\/div>\n\t<\/div>\n<div class=\"vc_btn3-container vc_btn3-inline\"><a class=\"vc_general vc_btn3 vc_btn3-size-md vc_btn3-shape-rounded vc_btn3-style-modern vc_btn3-color-primary\" href=\"http:\/\/stradacon.ee\/wp-content\/uploads\/2017\/03\/Primer-9911-eng.pdf\" title=\"\" target=\"_self\">Download PDF<\/a><\/div>\n<\/div><div class=\"col-md-4  text-default\" ><!-- GALLERY SHORTCODE --><div class=\"portfolio_masonry\">  <div class=\"row isotope_portfolio_container\" id=\"cont_4142\">\n          <div class=\"col-sm-4 col-md-4\">\n             <div class=\"portfolio_item\">\n               <a href=\"https:\/\/stradacon.ee\/wp-content\/uploads\/2016\/03\/4VcsPXe0stplNTNp.jpg\" class=\"lightbox_gallery\" data-caption=\"\" data-description=\"\" data-imagelightbox=\"gallery\">\n<img src=\"https:\/\/stradacon.ee\/wp-content\/uploads\/2016\/03\/4VcsPXe0stplNTNp.jpg\" alt=\"\" \/>\n                   <div class=\"overlay\">\n                      <div class=\"desc\">\n                         <h3><\/h3>\n                         <span class=\"cross\"><\/span>\n                         <p><\/p>\n                      <\/div>\n                   <\/div>\n               <\/a>\n             <\/div>\n          <\/div>\n  <\/div>\n<\/div>\n<!-- \/GALLERY SHORTCODE --><script>jQuery(window).load(function() {\n\"use strict\"; \n  var container = jQuery('#cont_4142'); \n  container.isotope({ \n  }); }); \n\/\/used for window resize\njQuery(window).resize(function() {\n\"use strict\";\nvar container = jQuery('#cont_4142');\ncontainer.isotope({ });\n});\n<\/script><\/div><div class=\"col-md-12  text-default\" ><div class=\"vc_separator wpb_content_element vc_separator_align_center vc_sep_width_100 vc_sep_pos_align_center vc_separator_no_text vc_sep_color_grey\"><span\n\t\tclass=\"vc_sep_holder vc_sep_holder_l\"><span\t\t\tclass=\"vc_sep_line\"><\/span><\/span><span\n\t\tclass=\"vc_sep_holder vc_sep_holder_r\"><span class=\"vc_sep_line\"><\/span><\/span>\n\t<\/div>\n<\/div>  <\/div>  <\/div><\/section><section id=\"\"  class=\"light\"> <div class=\"container\">  <div class=\"row\"><div class=\"col-md-8  text-default\" >\n\t<div class=\"wpb_text_column wpb_content_element \">\n\t\t<div class=\"wpb_wrapper\">\n\t\t\t<h2>Primer 9102<\/h2>\n<p>Primer 9102 on 1-komponenttinen pohjuste huokoisiin ja ei-huokoisiin pintoihin. Se sopii metallin, muovin ja muiden synteettisten materiaalien esik\u00e4sittelyyn. Sopii polysulfidi-, MS-polymeeri- ja epoksidipohjaisten saumaus- ja korjausmateriaalien esik\u00e4sittelyyn.<\/p>\n\n\t\t<\/div>\n\t<\/div>\n<div class=\"vc_btn3-container vc_btn3-inline\"><a class=\"vc_general vc_btn3 vc_btn3-size-md vc_btn3-shape-rounded vc_btn3-style-modern vc_btn3-color-primary\" href=\"http:\/\/stradacon.ee\/wp-content\/uploads\/2016\/03\/Primer-9102-eng.pdf\" title=\"\" target=\"_self\">Download PDF<\/a><\/div>\n<\/div><div class=\"col-md-4  text-default\" ><!-- GALLERY SHORTCODE --><div class=\"portfolio_masonry\">  <div class=\"row isotope_portfolio_container\" id=\"cont_214\">\n          <div class=\"col-sm-4 col-md-4\">\n             <div class=\"portfolio_item\">\n               <a href=\"https:\/\/stradacon.ee\/wp-content\/uploads\/2016\/03\/primer-9102.jpg\" class=\"lightbox_gallery\" data-caption=\"\" data-description=\"\" data-imagelightbox=\"gallery\">\n<img src=\"https:\/\/stradacon.ee\/wp-content\/uploads\/2016\/03\/primer-9102.jpg\" alt=\"primer 9102\" \/>\n                   <div class=\"overlay\">\n                      <div class=\"desc\">\n                         <h3>primer 9102<\/h3>\n                         <span class=\"cross\"><\/span>\n                         <p><\/p>\n                      <\/div>\n                   <\/div>\n               <\/a>\n             <\/div>\n          <\/div>\n  <\/div>\n<\/div>\n<!-- \/GALLERY SHORTCODE --><script>jQuery(window).load(function() {\n\"use strict\"; \n  var container = jQuery('#cont_214'); \n  container.isotope({ \n  }); }); \n\/\/used for window resize\njQuery(window).resize(function() {\n\"use strict\";\nvar container = jQuery('#cont_214');\ncontainer.isotope({ });\n});\n<\/script><\/div>  <\/div>  <\/div><\/section><section id=\"\"  class=\"light\"> <div class=\"container\">  <div class=\"row\"><div class=\"col-md-12  text-default\" ><div class=\"vc_separator wpb_content_element vc_separator_align_center vc_sep_width_100 vc_sep_pos_align_center vc_separator_no_text vc_sep_color_grey\"><span\n\t\tclass=\"vc_sep_holder vc_sep_holder_l\"><span\t\t\tclass=\"vc_sep_line\"><\/span><\/span><span\n\t\tclass=\"vc_sep_holder vc_sep_holder_r\"><span class=\"vc_sep_line\"><\/span><\/span>\n\t<\/div>\n<\/div>  <\/div>  <\/div><\/section><section id=\"\"  class=\"light\"> <div class=\"container\">  <div class=\"row\"><div class=\"col-md-8  text-default\" >\n\t<div class=\"wpb_text_column wpb_content_element \">\n\t\t<div class=\"wpb_wrapper\">\n\t\t\t<h2>Sealmaster Asphalt Binder<\/h2>\n<p>Sealmaster Asphalt Binder on bitumiemulsio asfalttip\u00e4\u00e4llysteiden pohjustukseen ennen lietteen levityst\u00e4, jos asfaltti on vanha ja hapettunut, ennen asfalttireikien t\u00e4ytt\u00f6\u00e4. Laimennettava vedell\u00e4 (sekoitussuhde maks. 1\/8).<br \/>\nPakkaus 18,9 litran \u00e4mp\u00e4ri.<\/p>\n\n\t\t<\/div>\n\t<\/div>\n<div class=\"vc_btn3-container vc_btn3-inline\"><button class=\"vc_general vc_btn3 vc_btn3-size-md vc_btn3-shape-rounded vc_btn3-style-modern vc_btn3-color-primary\">Download PDF<\/button><\/div>\n<\/div><div class=\"col-md-4  text-default\" ><!-- GALLERY SHORTCODE --><div class=\"portfolio_masonry\">  <div class=\"row isotope_portfolio_container\" id=\"cont_473\">\n          <div class=\"col-sm-4 col-md-4\">\n             <div class=\"portfolio_item\">\n               <a href=\"https:\/\/stradacon.ee\/wp-content\/uploads\/2016\/03\/image003-4.jpg\" class=\"lightbox_gallery\" data-caption=\"\" data-description=\"\" data-imagelightbox=\"gallery\">\n<img src=\"https:\/\/stradacon.ee\/wp-content\/uploads\/2016\/03\/image003-4.jpg\" alt=\"\" \/>\n                   <div class=\"overlay\">\n                      <div class=\"desc\">\n                         <h3><\/h3>\n                         <span class=\"cross\"><\/span>\n                         <p><\/p>\n                      <\/div>\n                   <\/div>\n               <\/a>\n             <\/div>\n          <\/div>\n  <\/div>\n<\/div>\n<!-- \/GALLERY SHORTCODE --><script>jQuery(window).load(function() {\n\"use strict\"; \n  var container = jQuery('#cont_473'); \n  container.isotope({ \n  }); }); \n\/\/used for window resize\njQuery(window).resize(function() {\n\"use strict\";\nvar container = jQuery('#cont_473');\ncontainer.isotope({ });\n});\n<\/script><\/div>  <\/div>  <\/div><\/section><section id=\"\"  class=\"light\"> <div class=\"container\">  <div class=\"row\"><div class=\"col-md-12  text-default\" ><div class=\"vc_separator wpb_content_element vc_separator_align_center vc_sep_width_100 vc_sep_pos_align_center vc_separator_no_text vc_sep_color_grey\"><span\n\t\tclass=\"vc_sep_holder vc_sep_holder_l\"><span\t\t\tclass=\"vc_sep_line\"><\/span><\/span><span\n\t\tclass=\"vc_sep_holder vc_sep_holder_r\"><span class=\"vc_sep_line\"><\/span><\/span>\n\t<\/div>\n<\/div>  <\/div>  <\/div><\/section><section id=\"\"  class=\"light\"> <div class=\"container\">  <div class=\"row\"><div class=\"col-md-8  text-default\" >\n\t<div class=\"wpb_text_column wpb_content_element \">\n\t\t<div class=\"wpb_wrapper\">\n\t\t\t<h2>PrepSeal Oil Spot Primer<\/h2>\n<p>Prep Seal on polymeeripohjainen emulsio \u00f6ljyl\u00e4iskien pohjustukseen asfalttip\u00e4\u00e4llysteell\u00e4 ennen bitumilietteiden levityst\u00e4. Pakkaukset 3,75 litran suuttimellinen s\u00e4ili\u00f6 ja 18,9 litran s\u00e4ili\u00f6.<\/p>\n\n\t\t<\/div>\n\t<\/div>\n<div class=\"vc_btn3-container vc_btn3-inline\"><a class=\"vc_general vc_btn3 vc_btn3-size-md vc_btn3-shape-rounded vc_btn3-style-modern vc_btn3-color-primary\" href=\"http:\/\/stradacon.ee\/wp-content\/uploads\/2016\/04\/PrepSeal-eng.pdf\" title=\"\" target=\"_blank\">Download PDF<\/a><\/div>\n<\/div><div class=\"col-md-4  text-default\" ><!-- GALLERY SHORTCODE --><div class=\"portfolio_masonry\">  <div class=\"row isotope_portfolio_container\" id=\"cont_1559\">\n          <div class=\"col-sm-4 col-md-4\">\n             <div class=\"portfolio_item\">\n               <a href=\"https:\/\/stradacon.ee\/wp-content\/uploads\/2016\/03\/image004-2.jpg\" class=\"lightbox_gallery\" data-caption=\"\" data-description=\"\" data-imagelightbox=\"gallery\">\n<img src=\"https:\/\/stradacon.ee\/wp-content\/uploads\/2016\/03\/image004-2.jpg\" alt=\"\" \/>\n                   <div class=\"overlay\">\n                      <div class=\"desc\">\n                         <h3><\/h3>\n                         <span class=\"cross\"><\/span>\n                         <p><\/p>\n                      <\/div>\n                   <\/div>\n               <\/a>\n             <\/div>\n          <\/div>\n  <\/div>\n<\/div>\n<!-- \/GALLERY SHORTCODE --><script>jQuery(window).load(function() {\n\"use strict\"; \n  var container = jQuery('#cont_1559'); \n  container.isotope({ \n  }); }); \n\/\/used for window resize\njQuery(window).resize(function() {\n\"use strict\";\nvar container = jQuery('#cont_1559');\ncontainer.isotope({ });\n});\n<\/script><\/div>  <\/div>  <\/div><\/section><section id=\"\"  class=\"light\"> <div class=\"container\">  <div class=\"row\"><div class=\"col-md-12  text-default\" ><div class=\"vc_separator wpb_content_element vc_separator_align_center vc_sep_width_100 vc_sep_pos_align_center vc_separator_no_text vc_sep_color_grey\"><span\n\t\tclass=\"vc_sep_holder vc_sep_holder_l\"><span\t\t\tclass=\"vc_sep_line\"><\/span><\/span><span\n\t\tclass=\"vc_sep_holder vc_sep_holder_r\"><span class=\"vc_sep_line\"><\/span><\/span>\n\t<\/div>\n<\/div>  <\/div>  <\/div><\/section><\/p>","protected":false},"excerpt":{"rendered":"SABA Primer H17 SABA Primer H17 on 2-komponenttinen epoksidipohjuste huokoisiin alustoihin. Levitett\u00e4v\u00e4 ennen alustan k\u00e4sittely\u00e4 SABA-merkkisell\u00e4 polysulfidisella tiivistysaineella tai emulsiolla. Download PDF jQuery(window).load(function() { \"use strict\"; var container = jQuery('#cont_3324'); container.isotope({ }); }); \/\/used for window resize jQuery(window).resize(function() { \"use strict\"; var container = jQuery('#cont_3324'); container.isotope({ }); }); SABA Primer 9002 SABA Primer 9002 on [...]","protected":false},"author":1,"featured_media":0,"parent":0,"menu_order":0,"comment_status":"closed","ping_status":"closed","template":"","meta":[],"_links":{"self":[{"href":"https:\/\/stradacon.ee\/fi\/wp-json\/wp\/v2\/pages\/2125"}],"collection":[{"href":"https:\/\/stradacon.ee\/fi\/wp-json\/wp\/v2\/pages"}],"about":[{"href":"https:\/\/stradacon.ee\/fi\/wp-json\/wp\/v2\/types\/page"}],"author":[{"embeddable":true,"href":"https:\/\/stradacon.ee\/fi\/wp-json\/wp\/v2\/users\/1"}],"replies":[{"embeddable":true,"href":"https:\/\/stradacon.ee\/fi\/wp-json\/wp\/v2\/comments?post=2125"}],"version-history":[{"count":5,"href":"https:\/\/stradacon.ee\/fi\/wp-json\/wp\/v2\/pages\/2125\/revisions"}],"predecessor-version":[{"id":2708,"href":"https:\/\/stradacon.ee\/fi\/wp-json\/wp\/v2\/pages\/2125\/revisions\/2708"}],"wp:attachment":[{"href":"https:\/\/stradacon.ee\/fi\/wp-json\/wp\/v2\/media?parent=2125"}],"curies":[{"name":"wp","href":"https:\/\/api.w.org\/{rel}","templated":true}]}}