{"id":2088,"date":"2016-03-27T11:39:24","date_gmt":"2016-03-27T08:39:24","guid":{"rendered":"http:\/\/stradacon.ee\/?page_id=2088"},"modified":"2019-03-25T19:18:15","modified_gmt":"2019-03-25T17:18:15","slug":"hermeetikud-ja-silikoonid-uldehituseks","status":"publish","type":"page","link":"https:\/\/stradacon.ee\/fi\/hermeetikud-ja-silikoonid-uldehituseks\/","title":{"rendered":"Saumalaastit yleiseen rakentamiseen"},"content":{"rendered":"<p><section id=\"\"  class=\"light\"> <div class=\"container\">  <div class=\"row\"><div class=\"col-md-8  text-default\" >\n\t<div class=\"wpb_text_column wpb_content_element \">\n\t\t<div class=\"wpb_wrapper\">\n\t\t\t<h2>Sababuild\u00ae450<\/h2>\n<p>Sababuild\u00ae450 on 1-komponenttinen, pysyv\u00e4sti elastinen, ilmakovettuva, MS-polymeeripohjainen saumalaasti sis\u00e4k\u00e4ytt\u00f6\u00f6n. Sababuild\u00ae450 sopii seuraaviin sis\u00e4t\u00f6ihin: \u2022 kattojen, seinien ja karmien tiivistys, \u2022 sis\u00e4seinien rakojen t\u00e4ytt\u00f6, \u2022 betonielementtien, rapattujen ja betonisten sis\u00e4seinien tiivistys, \u2022 porrask\u00e4yt\u00e4vien saumaus- ja korjausty\u00f6t. Saumausmateriaalin standardit t\u00e4ytt\u00e4v\u00e4t HACCP:n ehdot. Tarttuu kaikkiin rakennusmateriaaleihin.<\/p>\n\n\t\t<\/div>\n\t<\/div>\n<div class=\"vc_btn3-container vc_btn3-inline\"><a class=\"vc_general vc_btn3 vc_btn3-size-md vc_btn3-shape-rounded vc_btn3-style-modern vc_btn3-color-primary\" href=\"http:\/\/stradacon.ee\/wp-content\/uploads\/2016\/03\/Sababuild-450.pdf\" title=\"\" target=\"_blank\">Download PDF<\/a><\/div>\n<\/div><div class=\"col-md-4  text-default\" ><!-- GALLERY SHORTCODE --><div class=\"portfolio_masonry\">  <div class=\"row isotope_portfolio_container\" id=\"cont_526\">\n          <div class=\"col-sm-4 col-md-4\">\n             <div class=\"portfolio_item\">\n               <a href=\"https:\/\/stradacon.ee\/wp-content\/uploads\/2016\/03\/jZbZwOGNzOayIcNT.jpg\" class=\"lightbox_gallery\" data-caption=\"\" data-description=\"\" data-imagelightbox=\"gallery\">\n<img src=\"https:\/\/stradacon.ee\/wp-content\/uploads\/2016\/03\/jZbZwOGNzOayIcNT.jpg\" alt=\"\" \/>\n                   <div class=\"overlay\">\n                      <div class=\"desc\">\n                         <h3><\/h3>\n                         <span class=\"cross\"><\/span>\n                         <p><\/p>\n                      <\/div>\n                   <\/div>\n               <\/a>\n             <\/div>\n          <\/div>\n          <div class=\"col-sm-4 col-md-4\">\n             <div class=\"portfolio_item\">\n               <a href=\"https:\/\/stradacon.ee\/wp-content\/uploads\/2016\/03\/Ei5QYz8tEDmL0Dyi-6.jpg\" class=\"lightbox_gallery\" data-caption=\"\" data-description=\"\" data-imagelightbox=\"gallery\">\n<img src=\"https:\/\/stradacon.ee\/wp-content\/uploads\/2016\/03\/Ei5QYz8tEDmL0Dyi-6.jpg\" alt=\"\" \/>\n                   <div class=\"overlay\">\n                      <div class=\"desc\">\n                         <h3><\/h3>\n                         <span class=\"cross\"><\/span>\n                         <p><\/p>\n                      <\/div>\n                   <\/div>\n               <\/a>\n             <\/div>\n          <\/div>\n  <\/div>\n<\/div>\n<!-- \/GALLERY SHORTCODE --><script>jQuery(window).load(function() {\n\"use strict\"; \n  var container = jQuery('#cont_526'); \n  container.isotope({ \n  }); }); \n\/\/used for window resize\njQuery(window).resize(function() {\n\"use strict\";\nvar container = jQuery('#cont_526');\ncontainer.isotope({ });\n});\n<\/script><\/div>  <\/div>  <\/div><\/section><section id=\"\"  class=\"light\"> <div class=\"container\">  <div class=\"row\"><div class=\"col-md-12  text-default\" ><div class=\"vc_separator wpb_content_element vc_separator_align_center vc_sep_width_100 vc_sep_pos_align_center vc_separator_no_text vc_sep_color_grey\"><span\n\t\tclass=\"vc_sep_holder vc_sep_holder_l\"><span\t\t\tclass=\"vc_sep_line\"><\/span><\/span><span\n\t\tclass=\"vc_sep_holder vc_sep_holder_r\"><span class=\"vc_sep_line\"><\/span><\/span>\n\t<\/div>\n<\/div>  <\/div>  <\/div><\/section><section id=\"\"  class=\"light\"> <div class=\"container\">  <div class=\"row\"><div class=\"col-md-8  text-default\" >\n\t<div class=\"wpb_text_column wpb_content_element \">\n\t\t<div class=\"wpb_wrapper\">\n\t\t\t<h2>Sababuild\u00ae650<\/h2>\n<p>Sababuild\u00ae650 on 1-komponenttinen pysyv\u00e4sti elastinen, ilmakovettuva, MS-polymeeripohjainen saumalaasti julkisivujen saumaukseen.<br \/>\nSababuild\u00ae650 sopii asuntojen ja kunnallisteknisten kohteiden rakentamiseen (sis\u00e4- ja ulkok\u00e4ytt\u00f6\u00f6n): \u2022 huokoisten tai betonisten julkisivuelementtien tiivistykseen, \u2022 tiilimuurauksen saumaukseen, \u2022 ter\u00e4sbetonisten ikkuna- ja ovipalkkien saumaukseen, \u2022 metallisten, alumiinisten ja\/tai muovisten karmien tiivistykseen.<\/p>\n\n\t\t<\/div>\n\t<\/div>\n<div class=\"vc_btn3-container vc_btn3-inline\"><a class=\"vc_general vc_btn3 vc_btn3-size-md vc_btn3-shape-rounded vc_btn3-style-modern vc_btn3-color-primary\" href=\"http:\/\/stradacon.ee\/wp-content\/uploads\/2016\/03\/Sababuild-650.pdf\" title=\"\" target=\"_blank\">Download PDF<\/a><\/div>\n<\/div><div class=\"col-md-4  text-default\" ><!-- GALLERY SHORTCODE --><div class=\"portfolio_masonry\">  <div class=\"row isotope_portfolio_container\" id=\"cont_1907\">\n          <div class=\"col-sm-4 col-md-4\">\n             <div class=\"portfolio_item\">\n               <a href=\"https:\/\/stradacon.ee\/wp-content\/uploads\/2016\/03\/gstwi92av8JZXrlP.jpg\" class=\"lightbox_gallery\" data-caption=\"\" data-description=\"\" data-imagelightbox=\"gallery\">\n<img src=\"https:\/\/stradacon.ee\/wp-content\/uploads\/2016\/03\/gstwi92av8JZXrlP.jpg\" alt=\"\" \/>\n                   <div class=\"overlay\">\n                      <div class=\"desc\">\n                         <h3><\/h3>\n                         <span class=\"cross\"><\/span>\n                         <p><\/p>\n                      <\/div>\n                   <\/div>\n               <\/a>\n             <\/div>\n          <\/div>\n          <div class=\"col-sm-4 col-md-4\">\n             <div class=\"portfolio_item\">\n               <a href=\"https:\/\/stradacon.ee\/wp-content\/uploads\/2016\/03\/JsXb01oGuyHqCcz8-7.jpg\" class=\"lightbox_gallery\" data-caption=\"\" data-description=\"\" data-imagelightbox=\"gallery\">\n<img src=\"https:\/\/stradacon.ee\/wp-content\/uploads\/2016\/03\/JsXb01oGuyHqCcz8-7.jpg\" alt=\"\" \/>\n                   <div class=\"overlay\">\n                      <div class=\"desc\">\n                         <h3><\/h3>\n                         <span class=\"cross\"><\/span>\n                         <p><\/p>\n                      <\/div>\n                   <\/div>\n               <\/a>\n             <\/div>\n          <\/div>\n          <div class=\"col-sm-4 col-md-4\">\n             <div class=\"portfolio_item\">\n               <a href=\"https:\/\/stradacon.ee\/wp-content\/uploads\/2016\/03\/SM8JDJ47nqZ3NwrR-6.jpg\" class=\"lightbox_gallery\" data-caption=\"\" data-description=\"\" data-imagelightbox=\"gallery\">\n<img src=\"https:\/\/stradacon.ee\/wp-content\/uploads\/2016\/03\/SM8JDJ47nqZ3NwrR-6.jpg\" alt=\"\" \/>\n                   <div class=\"overlay\">\n                      <div class=\"desc\">\n                         <h3><\/h3>\n                         <span class=\"cross\"><\/span>\n                         <p><\/p>\n                      <\/div>\n                   <\/div>\n               <\/a>\n             <\/div>\n          <\/div>\n  <\/div>\n<\/div>\n<!-- \/GALLERY SHORTCODE --><script>jQuery(window).load(function() {\n\"use strict\"; \n  var container = jQuery('#cont_1907'); \n  container.isotope({ \n  }); }); \n\/\/used for window resize\njQuery(window).resize(function() {\n\"use strict\";\nvar container = jQuery('#cont_1907');\ncontainer.isotope({ });\n});\n<\/script><\/div>  <\/div>  <\/div><\/section><section id=\"\"  class=\"light\"> <div class=\"container\">  <div class=\"row\"><div class=\"col-md-12  text-default\" ><div class=\"vc_separator wpb_content_element vc_separator_align_center vc_sep_width_100 vc_sep_pos_align_center vc_separator_no_text vc_sep_color_grey\"><span\n\t\tclass=\"vc_sep_holder vc_sep_holder_l\"><span\t\t\tclass=\"vc_sep_line\"><\/span><\/span><span\n\t\tclass=\"vc_sep_holder vc_sep_holder_r\"><span class=\"vc_sep_line\"><\/span><\/span>\n\t<\/div>\n<\/div>  <\/div>  <\/div><\/section><section id=\"\"  class=\"light\"> <div class=\"container\">  <div class=\"row\"><div class=\"col-md-8  text-default\" >\n\t<div class=\"wpb_text_column wpb_content_element \">\n\t\t<div class=\"wpb_wrapper\">\n\t\t\t<h2>Sabaprotect M500<\/h2>\n<p>Sabaprotect M500 on savun- ja tulenkest\u00e4v\u00e4, 1-komponenttinen, elastinen, ilmakovettuva, MS-polymeeripohjainen saumalaasti rakojen t\u00e4ytt\u00f6\u00f6n puisten tai metallisten ikkunakarmien v\u00e4liss\u00e4. Rakenteiden huolto ja korjaus. Sabaprotect M500 on erinomainen saumalaasti enint\u00e4\u00e4n 50 mm leveiden saumojen ja rakojen t\u00e4ytt\u00f6\u00f6n: sen savun- ja tulenkest\u00e4vyys puu- tai metalli-ikkunan ja kivisein\u00e4n v\u00e4liss\u00e4 on 120 minuuttia.<\/p>\n\n\t\t<\/div>\n\t<\/div>\n<div class=\"vc_btn3-container vc_btn3-inline\"><a class=\"vc_general vc_btn3 vc_btn3-size-md vc_btn3-shape-rounded vc_btn3-style-modern vc_btn3-color-primary\" href=\"http:\/\/stradacon.ee\/wp-content\/uploads\/2016\/03\/Sabaprotect-M500.pdf\" title=\"\" target=\"_blank\">Download PDF<\/a><\/div>\n<\/div><div class=\"col-md-4  text-default\" ><!-- GALLERY SHORTCODE --><div class=\"portfolio_masonry\">  <div class=\"row isotope_portfolio_container\" id=\"cont_1317\">\n          <div class=\"col-sm-4 col-md-4\">\n             <div class=\"portfolio_item\">\n               <a href=\"https:\/\/stradacon.ee\/wp-content\/uploads\/2016\/03\/P0xjMnMSbjuhwWbW.jpg\" class=\"lightbox_gallery\" data-caption=\"\" data-description=\"\" data-imagelightbox=\"gallery\">\n<img src=\"https:\/\/stradacon.ee\/wp-content\/uploads\/2016\/03\/P0xjMnMSbjuhwWbW.jpg\" alt=\"\" \/>\n                   <div class=\"overlay\">\n                      <div class=\"desc\">\n                         <h3><\/h3>\n                         <span class=\"cross\"><\/span>\n                         <p><\/p>\n                      <\/div>\n                   <\/div>\n               <\/a>\n             <\/div>\n          <\/div>\n          <div class=\"col-sm-4 col-md-4\">\n             <div class=\"portfolio_item\">\n               <a href=\"https:\/\/stradacon.ee\/wp-content\/uploads\/2016\/03\/Ei5QYz8tEDmL0Dyi-8.jpg\" class=\"lightbox_gallery\" data-caption=\"\" data-description=\"\" data-imagelightbox=\"gallery\">\n<img src=\"https:\/\/stradacon.ee\/wp-content\/uploads\/2016\/03\/Ei5QYz8tEDmL0Dyi-8.jpg\" alt=\"\" \/>\n                   <div class=\"overlay\">\n                      <div class=\"desc\">\n                         <h3><\/h3>\n                         <span class=\"cross\"><\/span>\n                         <p><\/p>\n                      <\/div>\n                   <\/div>\n               <\/a>\n             <\/div>\n          <\/div>\n          <div class=\"col-sm-4 col-md-4\">\n             <div class=\"portfolio_item\">\n               <a href=\"https:\/\/stradacon.ee\/wp-content\/uploads\/2016\/03\/JsXb01oGuyHqCcz8-9.jpg\" class=\"lightbox_gallery\" data-caption=\"\" data-description=\"\" data-imagelightbox=\"gallery\">\n<img src=\"https:\/\/stradacon.ee\/wp-content\/uploads\/2016\/03\/JsXb01oGuyHqCcz8-9.jpg\" alt=\"\" \/>\n                   <div class=\"overlay\">\n                      <div class=\"desc\">\n                         <h3><\/h3>\n                         <span class=\"cross\"><\/span>\n                         <p><\/p>\n                      <\/div>\n                   <\/div>\n               <\/a>\n             <\/div>\n          <\/div>\n  <\/div>\n<\/div>\n<!-- \/GALLERY SHORTCODE --><script>jQuery(window).load(function() {\n\"use strict\"; \n  var container = jQuery('#cont_1317'); \n  container.isotope({ \n  }); }); \n\/\/used for window resize\njQuery(window).resize(function() {\n\"use strict\";\nvar container = jQuery('#cont_1317');\ncontainer.isotope({ });\n});\n<\/script><\/div>  <\/div>  <\/div><\/section><section id=\"\"  class=\"light\"> <div class=\"container\">  <div class=\"row\"><div class=\"col-md-12  text-default\" ><div class=\"vc_separator wpb_content_element vc_separator_align_center vc_sep_width_100 vc_sep_pos_align_center vc_separator_no_text vc_sep_color_grey\"><span\n\t\tclass=\"vc_sep_holder vc_sep_holder_l\"><span\t\t\tclass=\"vc_sep_line\"><\/span><\/span><span\n\t\tclass=\"vc_sep_holder vc_sep_holder_r\"><span class=\"vc_sep_line\"><\/span><\/span>\n\t<\/div>\n<\/div>  <\/div>  <\/div><\/section><section id=\"\"  class=\"light\"> <div class=\"container\">  <div class=\"row\"><div class=\"col-md-8  text-default\" >\n\t<div class=\"wpb_text_column wpb_content_element \">\n\t\t<div class=\"wpb_wrapper\">\n\t\t\t<h2>Sabadrain<\/h2>\n<p>Sabadrain on 1-komponenttinen pysyv\u00e4sti elastinen, ilmakovettuva, MS-polymeeripohjainen saumalaasti sadevesikourujen saumaukseen. Sabadrain sopii ruostumattomien sadevesikourujen ja -ritil\u00f6iden saumausaineeksi siisteytt\u00e4 vaativilla alueilla.<\/p>\n\n\t\t<\/div>\n\t<\/div>\n<div class=\"vc_btn3-container vc_btn3-inline\"><a class=\"vc_general vc_btn3 vc_btn3-size-md vc_btn3-shape-rounded vc_btn3-style-modern vc_btn3-color-primary\" href=\"http:\/\/stradacon.ee\/wp-content\/uploads\/2016\/03\/SabaDrain.pdf\" title=\"\" target=\"_blank\">Download PDF<\/a><\/div>\n<\/div><div class=\"col-md-4  text-default\" ><!-- GALLERY SHORTCODE --><div class=\"portfolio_masonry\">  <div class=\"row isotope_portfolio_container\" id=\"cont_459\">\n          <div class=\"col-sm-4 col-md-4\">\n             <div class=\"portfolio_item\">\n               <a href=\"https:\/\/stradacon.ee\/wp-content\/uploads\/2016\/03\/fzTvWJEiT6ft3lPE.jpg\" class=\"lightbox_gallery\" data-caption=\"\" data-description=\"\" data-imagelightbox=\"gallery\">\n<img src=\"https:\/\/stradacon.ee\/wp-content\/uploads\/2016\/03\/fzTvWJEiT6ft3lPE.jpg\" alt=\"\" \/>\n                   <div class=\"overlay\">\n                      <div class=\"desc\">\n                         <h3><\/h3>\n                         <span class=\"cross\"><\/span>\n                         <p><\/p>\n                      <\/div>\n                   <\/div>\n               <\/a>\n             <\/div>\n          <\/div>\n  <\/div>\n<\/div>\n<!-- \/GALLERY SHORTCODE --><script>jQuery(window).load(function() {\n\"use strict\"; \n  var container = jQuery('#cont_459'); \n  container.isotope({ \n  }); }); \n\/\/used for window resize\njQuery(window).resize(function() {\n\"use strict\";\nvar container = jQuery('#cont_459');\ncontainer.isotope({ });\n});\n<\/script><\/div>  <\/div>  <\/div><\/section><section id=\"\"  class=\"light\"> <div class=\"container\">  <div class=\"row\"><div class=\"col-md-12  text-default\" ><div class=\"vc_separator wpb_content_element vc_separator_align_center vc_sep_width_100 vc_sep_pos_align_center vc_separator_no_text vc_sep_color_grey\"><span\n\t\tclass=\"vc_sep_holder vc_sep_holder_l\"><span\t\t\tclass=\"vc_sep_line\"><\/span><\/span><span\n\t\tclass=\"vc_sep_holder vc_sep_holder_r\"><span class=\"vc_sep_line\"><\/span><\/span>\n\t<\/div>\n<\/div>  <\/div>  <\/div><\/section><section id=\"\"  class=\"light\"> <div class=\"container\">  <div class=\"row\"><div class=\"col-md-8  text-default\" >\n\t<div class=\"wpb_text_column wpb_content_element \">\n\t\t<div class=\"wpb_wrapper\">\n\t\t\t<h2>Sabatack\u00ae Fast<\/h2>\n<p>Kovetteella varustettu (2-komponenttinen tuubi) elastinen MS-polymeeripohjainen liima, levitysaika maks. 20 min. Sopii eritt\u00e4in hyvin metallin, alumiinin, lasin, polypropeenin ja polykarbonaatin liimaukseen. Sabatack\u00ae Fast on melkein hajutonta eik\u00e4 tipu. Sopii hyvin teollisuusk\u00e4ytt\u00f6\u00f6n.<\/p>\n\n\t\t<\/div>\n\t<\/div>\n<div class=\"vc_btn3-container vc_btn3-inline\"><a class=\"vc_general vc_btn3 vc_btn3-size-md vc_btn3-shape-rounded vc_btn3-style-modern vc_btn3-color-primary\" href=\"http:\/\/stradacon.ee\/wp-content\/uploads\/2016\/05\/Sabatack\u00ae-Fast-PDS-EN-2015-07-31.pdf\" title=\"\" target=\"_blank\">Download PDF<\/a><\/div>\n<\/div><div class=\"col-md-4  text-default\" ><!-- GALLERY SHORTCODE --><div class=\"portfolio_masonry\">  <div class=\"row isotope_portfolio_container\" id=\"cont_1107\">\n          <div class=\"col-sm-4 col-md-4\">\n             <div class=\"portfolio_item\">\n               <a href=\"https:\/\/stradacon.ee\/wp-content\/uploads\/2016\/03\/1-1.jpg\" class=\"lightbox_gallery\" data-caption=\"\" data-description=\"\" data-imagelightbox=\"gallery\">\n<img src=\"https:\/\/stradacon.ee\/wp-content\/uploads\/2016\/03\/1-1.jpg\" alt=\"\" \/>\n                   <div class=\"overlay\">\n                      <div class=\"desc\">\n                         <h3><\/h3>\n                         <span class=\"cross\"><\/span>\n                         <p><\/p>\n                      <\/div>\n                   <\/div>\n               <\/a>\n             <\/div>\n          <\/div>\n          <div class=\"col-sm-4 col-md-4\">\n             <div class=\"portfolio_item\">\n               <a href=\"https:\/\/stradacon.ee\/wp-content\/uploads\/2016\/03\/2.jpg\" class=\"lightbox_gallery\" data-caption=\"\" data-description=\"\" data-imagelightbox=\"gallery\">\n<img src=\"https:\/\/stradacon.ee\/wp-content\/uploads\/2016\/03\/2.jpg\" alt=\"\" \/>\n                   <div class=\"overlay\">\n                      <div class=\"desc\">\n                         <h3><\/h3>\n                         <span class=\"cross\"><\/span>\n                         <p><\/p>\n                      <\/div>\n                   <\/div>\n               <\/a>\n             <\/div>\n          <\/div>\n          <div class=\"col-sm-4 col-md-4\">\n             <div class=\"portfolio_item\">\n               <a href=\"https:\/\/stradacon.ee\/wp-content\/uploads\/2016\/03\/3.jpg\" class=\"lightbox_gallery\" data-caption=\"\" data-description=\"\" data-imagelightbox=\"gallery\">\n<img src=\"https:\/\/stradacon.ee\/wp-content\/uploads\/2016\/03\/3.jpg\" alt=\"\" \/>\n                   <div class=\"overlay\">\n                      <div class=\"desc\">\n                         <h3><\/h3>\n                         <span class=\"cross\"><\/span>\n                         <p><\/p>\n                      <\/div>\n                   <\/div>\n               <\/a>\n             <\/div>\n          <\/div>\n          <div class=\"col-sm-4 col-md-4\">\n             <div class=\"portfolio_item\">\n               <a href=\"https:\/\/stradacon.ee\/wp-content\/uploads\/2016\/03\/4.jpg\" class=\"lightbox_gallery\" data-caption=\"\" data-description=\"\" data-imagelightbox=\"gallery\">\n<img src=\"https:\/\/stradacon.ee\/wp-content\/uploads\/2016\/03\/4.jpg\" alt=\"\" \/>\n                   <div class=\"overlay\">\n                      <div class=\"desc\">\n                         <h3><\/h3>\n                         <span class=\"cross\"><\/span>\n                         <p><\/p>\n                      <\/div>\n                   <\/div>\n               <\/a>\n             <\/div>\n          <\/div>\n          <div class=\"col-sm-4 col-md-4\">\n             <div class=\"portfolio_item\">\n               <a href=\"https:\/\/stradacon.ee\/wp-content\/uploads\/2016\/03\/5.jpg\" class=\"lightbox_gallery\" data-caption=\"\" data-description=\"\" data-imagelightbox=\"gallery\">\n<img src=\"https:\/\/stradacon.ee\/wp-content\/uploads\/2016\/03\/5.jpg\" alt=\"\" \/>\n                   <div class=\"overlay\">\n                      <div class=\"desc\">\n                         <h3><\/h3>\n                         <span class=\"cross\"><\/span>\n                         <p><\/p>\n                      <\/div>\n                   <\/div>\n               <\/a>\n             <\/div>\n          <\/div>\n  <\/div>\n<\/div>\n<!-- \/GALLERY SHORTCODE --><script>jQuery(window).load(function() {\n\"use strict\"; \n  var container = jQuery('#cont_1107'); \n  container.isotope({ \n  }); }); \n\/\/used for window resize\njQuery(window).resize(function() {\n\"use strict\";\nvar container = jQuery('#cont_1107');\ncontainer.isotope({ });\n});\n<\/script><\/div>  <\/div>  <\/div><\/section><\/p>","protected":false},"excerpt":{"rendered":"Sababuild\u00ae450 Sababuild\u00ae450 on 1-komponenttinen, pysyv\u00e4sti elastinen, ilmakovettuva, MS-polymeeripohjainen saumalaasti sis\u00e4k\u00e4ytt\u00f6\u00f6n. Sababuild\u00ae450 sopii seuraaviin sis\u00e4t\u00f6ihin: \u2022 kattojen, seinien ja karmien tiivistys, \u2022 sis\u00e4seinien rakojen t\u00e4ytt\u00f6, \u2022 betonielementtien, rapattujen ja betonisten sis\u00e4seinien tiivistys, \u2022 porrask\u00e4yt\u00e4vien saumaus- ja korjausty\u00f6t. Saumausmateriaalin standardit t\u00e4ytt\u00e4v\u00e4t HACCP:n ehdot. Tarttuu kaikkiin rakennusmateriaaleihin. Download PDF jQuery(window).load(function() { \"use strict\"; var container = jQuery('#cont_2975'); container.isotope({ [...]","protected":false},"author":1,"featured_media":0,"parent":0,"menu_order":0,"comment_status":"closed","ping_status":"closed","template":"","meta":[],"_links":{"self":[{"href":"https:\/\/stradacon.ee\/fi\/wp-json\/wp\/v2\/pages\/2088"}],"collection":[{"href":"https:\/\/stradacon.ee\/fi\/wp-json\/wp\/v2\/pages"}],"about":[{"href":"https:\/\/stradacon.ee\/fi\/wp-json\/wp\/v2\/types\/page"}],"author":[{"embeddable":true,"href":"https:\/\/stradacon.ee\/fi\/wp-json\/wp\/v2\/users\/1"}],"replies":[{"embeddable":true,"href":"https:\/\/stradacon.ee\/fi\/wp-json\/wp\/v2\/comments?post=2088"}],"version-history":[{"count":5,"href":"https:\/\/stradacon.ee\/fi\/wp-json\/wp\/v2\/pages\/2088\/revisions"}],"predecessor-version":[{"id":2707,"href":"https:\/\/stradacon.ee\/fi\/wp-json\/wp\/v2\/pages\/2088\/revisions\/2707"}],"wp:attachment":[{"href":"https:\/\/stradacon.ee\/fi\/wp-json\/wp\/v2\/media?parent=2088"}],"curies":[{"name":"wp","href":"https:\/\/api.w.org\/{rel}","templated":true}]}}