{"id":1961,"date":"2016-03-25T11:35:31","date_gmt":"2016-03-25T09:35:31","guid":{"rendered":"http:\/\/stradacon.ee\/?page_id=1961"},"modified":"2019-03-25T19:16:02","modified_gmt":"2019-03-25T17:16:02","slug":"betoonivuukide-hermeetikud-bio-kindlad","status":"publish","type":"page","link":"https:\/\/stradacon.ee\/fi\/betoonivuukide-hermeetikud-bio-kindlad\/","title":{"rendered":"Betonin saumalaastit, biokest\u00e4v\u00e4t"},"content":{"rendered":"<p><section id=\"\"  class=\"light\"> <div class=\"container\">  <div class=\"row\"><div class=\"col-md-8  text-default\" >\n\t<div class=\"wpb_text_column wpb_content_element \">\n\t\t<div class=\"wpb_wrapper\">\n\t\t\t<h2>SABA Ecoseal Bio HM<\/h2>\n<p>SABA Ecoseal Bio HM on 1-komponenttinen ilmakovettuva MS-polymeeripohjainen saumalaasti, joka kest\u00e4\u00e4 vahvaa mekaanista kuormitusta ja mikrobiologisia prosesseja.<\/p>\n\n\t\t<\/div>\n\t<\/div>\n<div class=\"vc_btn3-container vc_btn3-inline\"><a class=\"vc_general vc_btn3 vc_btn3-size-md vc_btn3-shape-rounded vc_btn3-style-modern vc_btn3-icon-left vc_btn3-color-primary\" href=\"http:\/\/stradacon.ee\/wp-content\/uploads\/2016\/03\/Ecoseal-Bio-HM.pdf\" title=\"\" target=\"_blank\"><i class=\"vc_btn3-icon fa fa-file-pdf-o\"><\/i> Download PDF<\/a><\/div>\n<\/div><div class=\"col-md-4  text-default\" ><!-- GALLERY SHORTCODE --><div class=\"portfolio_masonry\">  <div class=\"row isotope_portfolio_container\" id=\"cont_2276\">\n          <div class=\"col-sm-4 col-md-4\">\n             <div class=\"portfolio_item\">\n               <a href=\"https:\/\/stradacon.ee\/wp-content\/uploads\/2016\/03\/Hw7NSb4j2wDDwuVw.jpg\" class=\"lightbox_gallery\" data-caption=\"\" data-description=\"\" data-imagelightbox=\"gallery\">\n<img src=\"https:\/\/stradacon.ee\/wp-content\/uploads\/2016\/03\/Hw7NSb4j2wDDwuVw.jpg\" alt=\"\" \/>\n                   <div class=\"overlay\">\n                      <div class=\"desc\">\n                         <h3><\/h3>\n                         <span class=\"cross\"><\/span>\n                         <p><\/p>\n                      <\/div>\n                   <\/div>\n               <\/a>\n             <\/div>\n          <\/div>\n          <div class=\"col-sm-4 col-md-4\">\n             <div class=\"portfolio_item\">\n               <a href=\"https:\/\/stradacon.ee\/wp-content\/uploads\/2016\/03\/Ei5QYz8tEDmL0Dyi-1.jpg\" class=\"lightbox_gallery\" data-caption=\"\" data-description=\"\" data-imagelightbox=\"gallery\">\n<img src=\"https:\/\/stradacon.ee\/wp-content\/uploads\/2016\/03\/Ei5QYz8tEDmL0Dyi-1.jpg\" alt=\"\" \/>\n                   <div class=\"overlay\">\n                      <div class=\"desc\">\n                         <h3><\/h3>\n                         <span class=\"cross\"><\/span>\n                         <p><\/p>\n                      <\/div>\n                   <\/div>\n               <\/a>\n             <\/div>\n          <\/div>\n  <\/div>\n<\/div>\n<!-- \/GALLERY SHORTCODE --><script>jQuery(window).load(function() {\n\"use strict\"; \n  var container = jQuery('#cont_2276'); \n  container.isotope({ \n  }); }); \n\/\/used for window resize\njQuery(window).resize(function() {\n\"use strict\";\nvar container = jQuery('#cont_2276');\ncontainer.isotope({ });\n});\n<\/script><\/div>  <\/div>  <\/div><\/section><section id=\"\"  class=\"light\"> <div class=\"container\">  <div class=\"row\"><div class=\"col-md-12  text-default\" ><div class=\"vc_separator wpb_content_element vc_separator_align_center vc_sep_width_100 vc_sep_pos_align_center vc_separator_no_text vc_sep_color_grey\"><span\n\t\tclass=\"vc_sep_holder vc_sep_holder_l\"><span\t\t\tclass=\"vc_sep_line\"><\/span><\/span><span\n\t\tclass=\"vc_sep_holder vc_sep_holder_r\"><span class=\"vc_sep_line\"><\/span><\/span>\n\t<\/div>\n<\/div>  <\/div>  <\/div><\/section><section id=\"\"  class=\"light\"> <div class=\"container\">  <div class=\"row\"><div class=\"col-md-8  text-default\" >\n\t<div class=\"wpb_text_column wpb_content_element \">\n\t\t<div class=\"wpb_wrapper\">\n\t\t\t<h2>SABA MS Floor<\/h2>\n<p>SABA MS Floor on tiksotrooppinen, pysyv\u00e4sti elastinen MS-polymeeripohjainen liitossaumalaasti vett\u00e4 hylkiviin lattioihin. Kest\u00e4\u00e4 tiesuolaa ja heikkoja kemikaaleja.<\/p>\n\n\t\t<\/div>\n\t<\/div>\n<div class=\"vc_btn3-container vc_btn3-inline\"><a class=\"vc_general vc_btn3 vc_btn3-size-md vc_btn3-shape-rounded vc_btn3-style-modern vc_btn3-icon-left vc_btn3-color-primary\" href=\"http:\/\/stradacon.ee\/wp-content\/uploads\/2016\/03\/MS-Floor.pdf\" title=\"\" target=\"_blank\"><i class=\"vc_btn3-icon fa fa-file-pdf-o\"><\/i> Download PDF<\/a><\/div>\n<\/div><div class=\"col-md-4  text-default\" ><!-- GALLERY SHORTCODE --><div class=\"portfolio_masonry\">  <div class=\"row isotope_portfolio_container\" id=\"cont_1506\">\n          <div class=\"col-sm-4 col-md-4\">\n             <div class=\"portfolio_item\">\n               <a href=\"https:\/\/stradacon.ee\/wp-content\/uploads\/2016\/03\/YTYSTBweWeA2TGj4.jpg\" class=\"lightbox_gallery\" data-caption=\"\" data-description=\"\" data-imagelightbox=\"gallery\">\n<img src=\"https:\/\/stradacon.ee\/wp-content\/uploads\/2016\/03\/YTYSTBweWeA2TGj4.jpg\" alt=\"\" \/>\n                   <div class=\"overlay\">\n                      <div class=\"desc\">\n                         <h3><\/h3>\n                         <span class=\"cross\"><\/span>\n                         <p><\/p>\n                      <\/div>\n                   <\/div>\n               <\/a>\n             <\/div>\n          <\/div>\n          <div class=\"col-sm-4 col-md-4\">\n             <div class=\"portfolio_item\">\n               <a href=\"https:\/\/stradacon.ee\/wp-content\/uploads\/2016\/03\/Ei5QYz8tEDmL0Dyi-2.jpg\" class=\"lightbox_gallery\" data-caption=\"\" data-description=\"\" data-imagelightbox=\"gallery\">\n<img src=\"https:\/\/stradacon.ee\/wp-content\/uploads\/2016\/03\/Ei5QYz8tEDmL0Dyi-2.jpg\" alt=\"\" \/>\n                   <div class=\"overlay\">\n                      <div class=\"desc\">\n                         <h3><\/h3>\n                         <span class=\"cross\"><\/span>\n                         <p><\/p>\n                      <\/div>\n                   <\/div>\n               <\/a>\n             <\/div>\n          <\/div>\n          <div class=\"col-sm-4 col-md-4\">\n             <div class=\"portfolio_item\">\n               <a href=\"https:\/\/stradacon.ee\/wp-content\/uploads\/2016\/03\/JsXb01oGuyHqCcz8.jpg\" class=\"lightbox_gallery\" data-caption=\"\" data-description=\"\" data-imagelightbox=\"gallery\">\n<img src=\"https:\/\/stradacon.ee\/wp-content\/uploads\/2016\/03\/JsXb01oGuyHqCcz8.jpg\" alt=\"\" \/>\n                   <div class=\"overlay\">\n                      <div class=\"desc\">\n                         <h3><\/h3>\n                         <span class=\"cross\"><\/span>\n                         <p><\/p>\n                      <\/div>\n                   <\/div>\n               <\/a>\n             <\/div>\n          <\/div>\n          <div class=\"col-sm-4 col-md-4\">\n             <div class=\"portfolio_item\">\n               <a href=\"https:\/\/stradacon.ee\/wp-content\/uploads\/2016\/03\/SM8JDJ47nqZ3NwrR.jpg\" class=\"lightbox_gallery\" data-caption=\"\" data-description=\"\" data-imagelightbox=\"gallery\">\n<img src=\"https:\/\/stradacon.ee\/wp-content\/uploads\/2016\/03\/SM8JDJ47nqZ3NwrR.jpg\" alt=\"\" \/>\n                   <div class=\"overlay\">\n                      <div class=\"desc\">\n                         <h3><\/h3>\n                         <span class=\"cross\"><\/span>\n                         <p><\/p>\n                      <\/div>\n                   <\/div>\n               <\/a>\n             <\/div>\n          <\/div>\n  <\/div>\n<\/div>\n<!-- \/GALLERY SHORTCODE --><script>jQuery(window).load(function() {\n\"use strict\"; \n  var container = jQuery('#cont_1506'); \n  container.isotope({ \n  }); }); \n\/\/used for window resize\njQuery(window).resize(function() {\n\"use strict\";\nvar container = jQuery('#cont_1506');\ncontainer.isotope({ });\n});\n<\/script><\/div>  <\/div>  <\/div><\/section><section id=\"\"  class=\"light\"> <div class=\"container\">  <div class=\"row\"><div class=\"col-md-12  text-default\" ><div class=\"vc_separator wpb_content_element vc_separator_align_center vc_sep_width_100 vc_sep_pos_align_center vc_separator_no_text vc_sep_color_grey\"><span\n\t\tclass=\"vc_sep_holder vc_sep_holder_l\"><span\t\t\tclass=\"vc_sep_line\"><\/span><\/span><span\n\t\tclass=\"vc_sep_holder vc_sep_holder_r\"><span class=\"vc_sep_line\"><\/span><\/span>\n\t<\/div>\n<\/div>  <\/div>  <\/div><\/section><section id=\"\"  class=\"light\"> <div class=\"container\">  <div class=\"row\"><div class=\"col-md-8  text-default\" >\n\t<div class=\"wpb_text_column wpb_content_element \">\n\t\t<div class=\"wpb_wrapper\">\n\t\t\t<h2>SABA MS Floor SL<\/h2>\n<p>SABA MS Floor SL on itsetasoittuva, pysyv\u00e4sti elastinen MS-polymeeripohjainen saumalaasti liitossaumojen, elementtien ja lattioiden rakojen t\u00e4ytt\u00f6\u00f6n. Itsetasoittuva, ei tarvitse pintak\u00e4sittely\u00e4.<\/p>\n\n\t\t<\/div>\n\t<\/div>\n<div class=\"vc_btn3-container vc_btn3-inline\"><a class=\"vc_general vc_btn3 vc_btn3-size-md vc_btn3-shape-rounded vc_btn3-style-modern vc_btn3-icon-left vc_btn3-color-primary\" href=\"http:\/\/stradacon.ee\/wp-content\/uploads\/2016\/03\/MS-Floor-SL.pdf\" title=\"\" target=\"_blank\"><i class=\"vc_btn3-icon fa fa-file-pdf-o\"><\/i> Download PDF<\/a><\/div>\n<\/div><div class=\"col-md-4  text-default\" ><!-- GALLERY SHORTCODE --><div class=\"portfolio_masonry\">  <div class=\"row isotope_portfolio_container\" id=\"cont_1430\">\n          <div class=\"col-sm-4 col-md-4\">\n             <div class=\"portfolio_item\">\n               <a href=\"https:\/\/stradacon.ee\/wp-content\/uploads\/2016\/03\/ECfXoPzrE1JXoMqJ.jpg\" class=\"lightbox_gallery\" data-caption=\"\" data-description=\"\" data-imagelightbox=\"gallery\">\n<img src=\"https:\/\/stradacon.ee\/wp-content\/uploads\/2016\/03\/ECfXoPzrE1JXoMqJ.jpg\" alt=\"\" \/>\n                   <div class=\"overlay\">\n                      <div class=\"desc\">\n                         <h3><\/h3>\n                         <span class=\"cross\"><\/span>\n                         <p><\/p>\n                      <\/div>\n                   <\/div>\n               <\/a>\n             <\/div>\n          <\/div>\n          <div class=\"col-sm-4 col-md-4\">\n             <div class=\"portfolio_item\">\n               <a href=\"https:\/\/stradacon.ee\/wp-content\/uploads\/2016\/03\/Ei5QYz8tEDmL0Dyi-3.jpg\" class=\"lightbox_gallery\" data-caption=\"\" data-description=\"\" data-imagelightbox=\"gallery\">\n<img src=\"https:\/\/stradacon.ee\/wp-content\/uploads\/2016\/03\/Ei5QYz8tEDmL0Dyi-3.jpg\" alt=\"\" \/>\n                   <div class=\"overlay\">\n                      <div class=\"desc\">\n                         <h3><\/h3>\n                         <span class=\"cross\"><\/span>\n                         <p><\/p>\n                      <\/div>\n                   <\/div>\n               <\/a>\n             <\/div>\n          <\/div>\n          <div class=\"col-sm-4 col-md-4\">\n             <div class=\"portfolio_item\">\n               <a href=\"https:\/\/stradacon.ee\/wp-content\/uploads\/2016\/03\/JsXb01oGuyHqCcz8-1.jpg\" class=\"lightbox_gallery\" data-caption=\"\" data-description=\"\" data-imagelightbox=\"gallery\">\n<img src=\"https:\/\/stradacon.ee\/wp-content\/uploads\/2016\/03\/JsXb01oGuyHqCcz8-1.jpg\" alt=\"\" \/>\n                   <div class=\"overlay\">\n                      <div class=\"desc\">\n                         <h3><\/h3>\n                         <span class=\"cross\"><\/span>\n                         <p><\/p>\n                      <\/div>\n                   <\/div>\n               <\/a>\n             <\/div>\n          <\/div>\n          <div class=\"col-sm-4 col-md-4\">\n             <div class=\"portfolio_item\">\n               <a href=\"https:\/\/stradacon.ee\/wp-content\/uploads\/2016\/03\/SM8JDJ47nqZ3NwrR-1.jpg\" class=\"lightbox_gallery\" data-caption=\"\" data-description=\"\" data-imagelightbox=\"gallery\">\n<img src=\"https:\/\/stradacon.ee\/wp-content\/uploads\/2016\/03\/SM8JDJ47nqZ3NwrR-1.jpg\" alt=\"\" \/>\n                   <div class=\"overlay\">\n                      <div class=\"desc\">\n                         <h3><\/h3>\n                         <span class=\"cross\"><\/span>\n                         <p><\/p>\n                      <\/div>\n                   <\/div>\n               <\/a>\n             <\/div>\n          <\/div>\n  <\/div>\n<\/div>\n<!-- \/GALLERY SHORTCODE --><script>jQuery(window).load(function() {\n\"use strict\"; \n  var container = jQuery('#cont_1430'); \n  container.isotope({ \n  }); }); \n\/\/used for window resize\njQuery(window).resize(function() {\n\"use strict\";\nvar container = jQuery('#cont_1430');\ncontainer.isotope({ });\n});\n<\/script><\/div>  <\/div>  <\/div><\/section><section id=\"\"  class=\"light\"> <div class=\"container\">  <div class=\"row\"><div class=\"col-md-12  text-default\" ><div class=\"vc_separator wpb_content_element vc_separator_align_center vc_sep_width_100 vc_sep_pos_align_center vc_separator_no_text vc_sep_color_grey\"><span\n\t\tclass=\"vc_sep_holder vc_sep_holder_l\"><span\t\t\tclass=\"vc_sep_line\"><\/span><\/span><span\n\t\tclass=\"vc_sep_holder vc_sep_holder_r\"><span class=\"vc_sep_line\"><\/span><\/span>\n\t<\/div>\n<\/div>  <\/div>  <\/div><\/section><section id=\"\"  class=\"light\"> <div class=\"container\">  <div class=\"row\"><div class=\"col-md-8  text-default\" >\n\t<div class=\"wpb_text_column wpb_content_element \">\n\t\t<div class=\"wpb_wrapper\">\n\t\t\t<h2>SABA Ecoseal AC<\/h2>\n<p>SABA Ecoseal AC on 1-komponenttinen ilmakovettuva MS-polymeeripohjainen saumalaasti, joka kest\u00e4\u00e4 etikkahappoon liittyvi\u00e4 mikrobiologisia prosesseja.<\/p>\n\n\t\t<\/div>\n\t<\/div>\n<div class=\"vc_btn3-container vc_btn3-inline\"><a class=\"vc_general vc_btn3 vc_btn3-size-md vc_btn3-shape-rounded vc_btn3-style-modern vc_btn3-icon-left vc_btn3-color-primary\" href=\"http:\/\/stradacon.ee\/wp-content\/uploads\/2016\/03\/Ecoseal-AC.pdf\" title=\"\" target=\"_blank\"><i class=\"vc_btn3-icon fa fa-file-pdf-o\"><\/i> Download PDF<\/a><\/div>\n<\/div><div class=\"col-md-4  text-default\" ><!-- GALLERY SHORTCODE --><div class=\"portfolio_masonry\">  <div class=\"row isotope_portfolio_container\" id=\"cont_4423\">\n          <div class=\"col-sm-4 col-md-4\">\n             <div class=\"portfolio_item\">\n               <a href=\"https:\/\/stradacon.ee\/wp-content\/uploads\/2016\/03\/sbrZdwqHG336qlUo.jpg\" class=\"lightbox_gallery\" data-caption=\"\" data-description=\"\" data-imagelightbox=\"gallery\">\n<img src=\"https:\/\/stradacon.ee\/wp-content\/uploads\/2016\/03\/sbrZdwqHG336qlUo.jpg\" alt=\"\" \/>\n                   <div class=\"overlay\">\n                      <div class=\"desc\">\n                         <h3><\/h3>\n                         <span class=\"cross\"><\/span>\n                         <p><\/p>\n                      <\/div>\n                   <\/div>\n               <\/a>\n             <\/div>\n          <\/div>\n          <div class=\"col-sm-4 col-md-4\">\n             <div class=\"portfolio_item\">\n               <a href=\"https:\/\/stradacon.ee\/wp-content\/uploads\/2016\/03\/Ei5QYz8tEDmL0Dyi.jpg\" class=\"lightbox_gallery\" data-caption=\"\" data-description=\"\" data-imagelightbox=\"gallery\">\n<img src=\"https:\/\/stradacon.ee\/wp-content\/uploads\/2016\/03\/Ei5QYz8tEDmL0Dyi.jpg\" alt=\"\" \/>\n                   <div class=\"overlay\">\n                      <div class=\"desc\">\n                         <h3><\/h3>\n                         <span class=\"cross\"><\/span>\n                         <p><\/p>\n                      <\/div>\n                   <\/div>\n               <\/a>\n             <\/div>\n          <\/div>\n  <\/div>\n<\/div>\n<!-- \/GALLERY SHORTCODE --><script>jQuery(window).load(function() {\n\"use strict\"; \n  var container = jQuery('#cont_4423'); \n  container.isotope({ \n  }); }); \n\/\/used for window resize\njQuery(window).resize(function() {\n\"use strict\";\nvar container = jQuery('#cont_4423');\ncontainer.isotope({ });\n});\n<\/script><\/div>  <\/div>  <\/div><\/section><\/p>","protected":false},"excerpt":{"rendered":"SABA Ecoseal Bio HM SABA Ecoseal Bio HM on 1-komponenttinen ilmakovettuva MS-polymeeripohjainen saumalaasti, joka kest\u00e4\u00e4 vahvaa mekaanista kuormitusta ja mikrobiologisia prosesseja. Download PDF jQuery(window).load(function() { \"use strict\"; var container = jQuery('#cont_4685'); container.isotope({ }); }); \/\/used for window resize jQuery(window).resize(function() { \"use strict\"; var container = jQuery('#cont_4685'); container.isotope({ }); }); SABA MS Floor SABA MS Floor [...]","protected":false},"author":1,"featured_media":0,"parent":0,"menu_order":0,"comment_status":"closed","ping_status":"closed","template":"","meta":[],"_links":{"self":[{"href":"https:\/\/stradacon.ee\/fi\/wp-json\/wp\/v2\/pages\/1961"}],"collection":[{"href":"https:\/\/stradacon.ee\/fi\/wp-json\/wp\/v2\/pages"}],"about":[{"href":"https:\/\/stradacon.ee\/fi\/wp-json\/wp\/v2\/types\/page"}],"author":[{"embeddable":true,"href":"https:\/\/stradacon.ee\/fi\/wp-json\/wp\/v2\/users\/1"}],"replies":[{"embeddable":true,"href":"https:\/\/stradacon.ee\/fi\/wp-json\/wp\/v2\/comments?post=1961"}],"version-history":[{"count":5,"href":"https:\/\/stradacon.ee\/fi\/wp-json\/wp\/v2\/pages\/1961\/revisions"}],"predecessor-version":[{"id":2700,"href":"https:\/\/stradacon.ee\/fi\/wp-json\/wp\/v2\/pages\/1961\/revisions\/2700"}],"wp:attachment":[{"href":"https:\/\/stradacon.ee\/fi\/wp-json\/wp\/v2\/media?parent=1961"}],"curies":[{"name":"wp","href":"https:\/\/api.w.org\/{rel}","templated":true}]}}