{"id":1925,"date":"2016-03-24T12:24:42","date_gmt":"2016-03-24T10:24:42","guid":{"rendered":"http:\/\/stradacon.ee\/?page_id=1925"},"modified":"2024-12-16T10:09:15","modified_gmt":"2024-12-16T08:09:15","slug":"betooni-parandus","status":"publish","type":"page","link":"https:\/\/stradacon.ee\/fi\/betooni-parandus\/","title":{"rendered":"Betonin korjaus"},"content":{"rendered":"<p><section id=\"\"  class=\"light\"> <div class=\"container\">  <div class=\"row\"><div class=\"col-md-8  text-default\" >\n\t<div class=\"wpb_text_column wpb_content_element \">\n\t\t<div class=\"wpb_wrapper\">\n\t\t\t<h2>SABA Crackfill, 2-komponenttinen itsetasoittuva pinnoite<\/h2>\n<p>SABA Crackfill is a 2-component, self-levelling coating based upon epoxy polysulphide.<\/p>\n\n\t\t<\/div>\n\t<\/div>\n<div class=\"vc_btn3-container vc_btn3-inline\"><a class=\"vc_general vc_btn3 vc_btn3-size-md vc_btn3-shape-rounded vc_btn3-style-modern vc_btn3-icon-left vc_btn3-color-primary\" href=\"http:\/\/stradacon.ee\/wp-content\/uploads\/2016\/03\/Crackfill.pdf\" title=\"\" target=\"_blank\"><i class=\"vc_btn3-icon fa fa-file-pdf-o\"><\/i> Download PDF<\/a><\/div>\n<\/div><div class=\"col-md-4  text-default\" ><!-- GALLERY SHORTCODE --><div class=\"portfolio_masonry\">  <div class=\"row isotope_portfolio_container\" id=\"cont_95\">\n          <div class=\"col-sm-4 col-md-4\">\n             <div class=\"portfolio_item\">\n               <a href=\"https:\/\/stradacon.ee\/wp-content\/uploads\/2016\/03\/A9bghtqzTqRbuBhn.jpg\" class=\"lightbox_gallery\" data-caption=\"\" data-description=\"\" data-imagelightbox=\"gallery\">\n<img src=\"https:\/\/stradacon.ee\/wp-content\/uploads\/2016\/03\/A9bghtqzTqRbuBhn.jpg\" alt=\"\" \/>\n                   <div class=\"overlay\">\n                      <div class=\"desc\">\n                         <h3><\/h3>\n                         <span class=\"cross\"><\/span>\n                         <p><\/p>\n                      <\/div>\n                   <\/div>\n               <\/a>\n             <\/div>\n          <\/div>\n          <div class=\"col-sm-4 col-md-4\">\n             <div class=\"portfolio_item\">\n               <a href=\"https:\/\/stradacon.ee\/wp-content\/uploads\/2016\/03\/hC9zpJ7RP1Z4i07d.jpg\" class=\"lightbox_gallery\" data-caption=\"\" data-description=\"\" data-imagelightbox=\"gallery\">\n<img src=\"https:\/\/stradacon.ee\/wp-content\/uploads\/2016\/03\/hC9zpJ7RP1Z4i07d.jpg\" alt=\"\" \/>\n                   <div class=\"overlay\">\n                      <div class=\"desc\">\n                         <h3><\/h3>\n                         <span class=\"cross\"><\/span>\n                         <p><\/p>\n                      <\/div>\n                   <\/div>\n               <\/a>\n             <\/div>\n          <\/div>\n  <\/div>\n<\/div>\n<!-- \/GALLERY SHORTCODE --><script>jQuery(window).load(function() {\n\"use strict\"; \n  var container = jQuery('#cont_95'); \n  container.isotope({ \n  }); }); \n\/\/used for window resize\njQuery(window).resize(function() {\n\"use strict\";\nvar container = jQuery('#cont_95');\ncontainer.isotope({ });\n});\n<\/script><\/div><div class=\"col-md-12  text-default\" ><div class=\"vc_separator wpb_content_element vc_separator_align_center vc_sep_width_100 vc_sep_pos_align_center vc_separator_no_text vc_sep_color_grey\"><span\n\t\tclass=\"vc_sep_holder vc_sep_holder_l\"><span\t\t\tclass=\"vc_sep_line\"><\/span><\/span><span\n\t\tclass=\"vc_sep_holder vc_sep_holder_r\"><span class=\"vc_sep_line\"><\/span><\/span>\n\t<\/div>\n<\/div>  <\/div>  <\/div><\/section><section id=\"\"  class=\"light\"> <div class=\"container\">  <div class=\"row\"><div class=\"col-md-8  text-default\" >\n\t<div class=\"wpb_text_column wpb_content_element \">\n\t\t<div class=\"wpb_wrapper\">\n\t\t\t<h2>SABA Flexfill, 2-komponenttinen itsetasoittuva korjaus- ja t\u00e4ytt\u00f6materiaali<\/h2>\n<p>&nbsp;<\/p>\n<p>SABA Flexfill on 2-komponenttinen, itsetasoittuva, liuotteeton, naarmuuntumisenkest\u00e4v\u00e4, pysyv\u00e4sti joustava ja UV-kest\u00e4v\u00e4 polyuretaani- ja ureapohjainen valumassa. Helppo k\u00e4sitell\u00e4, vankat ominaisuudet. Sopii toimivaan rakojen t\u00e4ytt\u00f6\u00f6n (tehdasvalmisteisista) ter\u00e4sbetonielementeist\u00e4 valmistetuissa lattianp\u00e4\u00e4llysteiss\u00e4, joissa voi olla betonin ja asfalttibetonin v\u00e4lisi\u00e4 siirtymi\u00e4. Tasoittaa lattiaelementtien v\u00e4lisi\u00e4 siirtymi\u00e4, vaimentaa trukki- ja muun liikenteen iskuja ja v\u00e4hent\u00e4\u00e4 melua.<\/p>\n\n\t\t<\/div>\n\t<\/div>\n<div class=\"vc_btn3-container vc_btn3-inline\"><a class=\"vc_general vc_btn3 vc_btn3-size-md vc_btn3-shape-rounded vc_btn3-style-modern vc_btn3-icon-left vc_btn3-color-primary\" href=\"http:\/\/stradacon.ee\/wp-content\/uploads\/2019\/01\/PDS-SABA-Flexfill-EN.pdf\" title=\"\" target=\"_self\"><i class=\"vc_btn3-icon fa fa-file-pdf-o\"><\/i> Download pdf<\/a><\/div>\n<\/div><div class=\"col-md-4  text-default\" ><!-- GALLERY SHORTCODE --><div class=\"portfolio_masonry\">  <div class=\"row isotope_portfolio_container\" id=\"cont_3603\">\n          <div class=\"col-sm-4 col-md-4\">\n             <div class=\"portfolio_item\">\n               <a href=\"https:\/\/stradacon.ee\/wp-content\/uploads\/2019\/01\/Flexfill-picture.png\" class=\"lightbox_gallery\" data-caption=\"\" data-description=\"\" data-imagelightbox=\"gallery\">\n<img src=\"https:\/\/stradacon.ee\/wp-content\/uploads\/2019\/01\/Flexfill-picture.png\" alt=\"Flexfill picture\" \/>\n                   <div class=\"overlay\">\n                      <div class=\"desc\">\n                         <h3>Flexfill picture<\/h3>\n                         <span class=\"cross\"><\/span>\n                         <p><\/p>\n                      <\/div>\n                   <\/div>\n               <\/a>\n             <\/div>\n          <\/div>\n          <div class=\"col-sm-4 col-md-4\">\n             <div class=\"portfolio_item\">\n               <a href=\"https:\/\/stradacon.ee\/wp-content\/uploads\/2019\/01\/Flexfill-broschure.jpg\" class=\"lightbox_gallery\" data-caption=\"\" data-description=\"\" data-imagelightbox=\"gallery\">\n<img src=\"https:\/\/stradacon.ee\/wp-content\/uploads\/2019\/01\/Flexfill-broschure-724x1024.jpg\" alt=\"Flexfill broschure\" \/>\n                   <div class=\"overlay\">\n                      <div class=\"desc\">\n                         <h3>Flexfill broschure<\/h3>\n                         <span class=\"cross\"><\/span>\n                         <p><\/p>\n                      <\/div>\n                   <\/div>\n               <\/a>\n             <\/div>\n          <\/div>\n  <\/div>\n<\/div>\n<!-- \/GALLERY SHORTCODE --><script>jQuery(window).load(function() {\n\"use strict\"; \n  var container = jQuery('#cont_3603'); \n  container.isotope({ \n  }); }); \n\/\/used for window resize\njQuery(window).resize(function() {\n\"use strict\";\nvar container = jQuery('#cont_3603');\ncontainer.isotope({ });\n});\n<\/script><\/div><div class=\"col-md-3  text-default\" style=\"border-right:1px solid #e2e2e2;\">\n\t<div class=\"wpb_video_widget wpb_content_element\">\n\t\t<div class=\"wpb_wrapper\">\n\t\t\t\n\t\t\t<div class=\"wpb_video_wrapper\"><iframe style=\"border:none;\" width=\"500\" height=\"281\" src=\"https:\/\/www.youtube.com\/embed\/kYVUT7OjhTw?feature=oembed\"  allow=\"accelerometer; autoplay; encrypted-media; gyroscope; picture-in-picture\" allowfullscreen><\/iframe><\/div>\n\t\t<\/div>\n\t<\/div>\n<\/div><div class=\"col-md-12  text-default\" ><div class=\"vc_separator wpb_content_element vc_separator_align_center vc_sep_width_100 vc_sep_pos_align_center vc_separator_no_text vc_sep_color_grey\"><span\n\t\tclass=\"vc_sep_holder vc_sep_holder_l\"><span\t\t\tclass=\"vc_sep_line\"><\/span><\/span><span\n\t\tclass=\"vc_sep_holder vc_sep_holder_r\"><span class=\"vc_sep_line\"><\/span><\/span>\n\t<\/div>\n<\/div>  <\/div>  <\/div><\/section><section id=\"\"  class=\"light\"> <div class=\"container\">  <div class=\"row\"><div class=\"col-md-8  text-default\" >\n\t<div class=\"wpb_text_column wpb_content_element \">\n\t\t<div class=\"wpb_wrapper\">\n\t\t\t<h2>SABA Flexform, 2-komponenttinen tasoite<\/h2>\n<p>SABA Flexform is a 2-component, filler based upon epoxy polysulphide.<\/p>\n\n\t\t<\/div>\n\t<\/div>\n<div class=\"vc_btn3-container vc_btn3-inline\"><a class=\"vc_general vc_btn3 vc_btn3-size-md vc_btn3-shape-rounded vc_btn3-style-modern vc_btn3-icon-left vc_btn3-color-primary\" href=\"http:\/\/stradacon.ee\/wp-content\/uploads\/2016\/03\/Flexform.pdf\" title=\"\" target=\"_blank\"><i class=\"vc_btn3-icon fa fa-file-pdf-o\"><\/i> Download PDF<\/a><\/div>\n<\/div><div class=\"col-md-4  text-default\" ><!-- GALLERY SHORTCODE --><div class=\"portfolio_masonry\">  <div class=\"row isotope_portfolio_container\" id=\"cont_1698\">\n          <div class=\"col-sm-4 col-md-4\">\n             <div class=\"portfolio_item\">\n               <a href=\"https:\/\/stradacon.ee\/wp-content\/uploads\/2016\/03\/8MnZgObxQTZFPyn2.jpg\" class=\"lightbox_gallery\" data-caption=\"\" data-description=\"\" data-imagelightbox=\"gallery\">\n<img src=\"https:\/\/stradacon.ee\/wp-content\/uploads\/2016\/03\/8MnZgObxQTZFPyn2.jpg\" alt=\"\" \/>\n                   <div class=\"overlay\">\n                      <div class=\"desc\">\n                         <h3><\/h3>\n                         <span class=\"cross\"><\/span>\n                         <p><\/p>\n                      <\/div>\n                   <\/div>\n               <\/a>\n             <\/div>\n          <\/div>\n  <\/div>\n<\/div>\n<!-- \/GALLERY SHORTCODE --><script>jQuery(window).load(function() {\n\"use strict\"; \n  var container = jQuery('#cont_1698'); \n  container.isotope({ \n  }); }); \n\/\/used for window resize\njQuery(window).resize(function() {\n\"use strict\";\nvar container = jQuery('#cont_1698');\ncontainer.isotope({ });\n});\n<\/script><\/div>  <\/div>  <\/div><\/section><section id=\"\"  class=\"light\"> <div class=\"container\">  <div class=\"row\"><div class=\"col-md-12  text-default\" ><div class=\"vc_separator wpb_content_element vc_separator_align_center vc_sep_width_100 vc_sep_pos_align_center vc_separator_no_text vc_sep_color_grey\"><span\n\t\tclass=\"vc_sep_holder vc_sep_holder_l\"><span\t\t\tclass=\"vc_sep_line\"><\/span><\/span><span\n\t\tclass=\"vc_sep_holder vc_sep_holder_r\"><span class=\"vc_sep_line\"><\/span><\/span>\n\t<\/div>\n<\/div>  <\/div>  <\/div><\/section><\/p>","protected":false},"excerpt":{"rendered":"SABA Crackfill, 2-komponenttinen itsetasoittuva pinnoite SABA Crackfill is a 2-component, self-levelling coating based upon epoxy polysulphide. Download PDF jQuery(window).load(function() { \"use strict\"; var container = jQuery('#cont_2836'); container.isotope({ }); }); \/\/used for window resize jQuery(window).resize(function() { \"use strict\"; var container = jQuery('#cont_2836'); container.isotope({ }); }); SABA Flexfill, 2-komponenttinen itsetasoittuva korjaus- ja t\u00e4ytt\u00f6materiaali &nbsp; SABA Flexfill on [...]","protected":false},"author":1,"featured_media":0,"parent":0,"menu_order":0,"comment_status":"closed","ping_status":"closed","template":"","meta":[],"_links":{"self":[{"href":"https:\/\/stradacon.ee\/fi\/wp-json\/wp\/v2\/pages\/1925"}],"collection":[{"href":"https:\/\/stradacon.ee\/fi\/wp-json\/wp\/v2\/pages"}],"about":[{"href":"https:\/\/stradacon.ee\/fi\/wp-json\/wp\/v2\/types\/page"}],"author":[{"embeddable":true,"href":"https:\/\/stradacon.ee\/fi\/wp-json\/wp\/v2\/users\/1"}],"replies":[{"embeddable":true,"href":"https:\/\/stradacon.ee\/fi\/wp-json\/wp\/v2\/comments?post=1925"}],"version-history":[{"count":5,"href":"https:\/\/stradacon.ee\/fi\/wp-json\/wp\/v2\/pages\/1925\/revisions"}],"predecessor-version":[{"id":2913,"href":"https:\/\/stradacon.ee\/fi\/wp-json\/wp\/v2\/pages\/1925\/revisions\/2913"}],"wp:attachment":[{"href":"https:\/\/stradacon.ee\/fi\/wp-json\/wp\/v2\/media?parent=1925"}],"curies":[{"name":"wp","href":"https:\/\/api.w.org\/{rel}","templated":true}]}}