{"id":12,"date":"2016-03-25T12:39:08","date_gmt":"2016-03-25T10:39:08","guid":{"rendered":"http:\/\/plethorathemes.com\/dev\/cleanstart\/?page_id=12"},"modified":"2019-03-25T19:21:10","modified_gmt":"2019-03-25T17:21:10","slug":"meist","status":"publish","type":"page","link":"https:\/\/stradacon.ee\/fi\/meist\/","title":{"rendered":"Keit\u00e4 olemme"},"content":{"rendered":"<p><section id=\"\"  class=\"light\"> <div class=\"container\">  <div class=\"row\"><div class=\"col-md-12  text-default\" >\n\t<div class=\"wpb_text_column wpb_content_element \">\n\t\t<div class=\"wpb_wrapper\">\n\t\t\t<p>Stradacon O\u00dc tarjoaa laadukkaita vesieristysratkaisuja tien- ja yleisen rakentamisen alalla. Henkil\u00f6kuntamme on harjoittanut myynti\u00e4 ja asennusta vuodesta 2006. Olemme ajan mittaan t\u00e4ydent\u00e4neet jatkuvasti tuotevalikoimaamme voidaksemme tarjota parhaiten toimivia tuotteita ja ratkaisuja.<\/p>\n<p>Tuotevalikoimastamme l\u00f6ytyy erilaisia ratkaisuja betoni- ja asfalttisaumojen ja rakojen tiivistykseen sek\u00e4 normaalissa ett\u00e4 kemiallisesti aggressiivisessa ymp\u00e4rist\u00f6ss\u00e4, kuten polttoaineterminaalit, huoltoasemat, kemikaalivarastot, s\u00e4il\u00f6rehuvarastot ym. Tarjoamme my\u00f6s erilaisia pinnoitteita pysty- ja vaakasuorien betoni- ja asfalttipintojen suojaukseen ja uusintaan (teiden, pys\u00e4k\u00f6intialueiden, varastolattioiden, s\u00e4il\u00f6rehuvarastojen ym. maatalousrakennusten pintojen ja samalla ymp\u00e4rist\u00f6n suojeluun).<\/p>\n<p>Laadukkailla vesieristeill\u00e4 tilaaja voi pident\u00e4\u00e4 merkitt\u00e4v\u00e4sti rakenteen tai rakennuksen elinkaarta ja v\u00e4hent\u00e4\u00e4 siten huoltokustannuksia. Tarjoamamme materiaalit ovat k\u00e4ytt\u00f6tarkoituksesta riippuen bitumi-, polysulfidi- tai MS-polymeeripohjaisia. Kehittelem\u00e4mme teknologian ansiosta ne ovat helposti ja nopeasti levitett\u00e4viss\u00e4.<\/p>\n<p>Pyyd\u00e4 rohkeasti tarjous \u2013 <a href=\"mailto:info@stradacon.ee\">info@stradacon.ee<\/a><\/p>\n\n\t\t<\/div>\n\t<\/div>\n<\/div>  <\/div>  <\/div><\/section><\/p>","protected":false},"excerpt":{"rendered":"Stradacon O\u00dc tarjoaa laadukkaita vesieristysratkaisuja tien- ja yleisen rakentamisen alalla. Henkil\u00f6kuntamme on harjoittanut myynti\u00e4 ja asennusta vuodesta 2006. Olemme ajan mittaan t\u00e4ydent\u00e4neet jatkuvasti tuotevalikoimaamme voidaksemme tarjota parhaiten toimivia tuotteita ja ratkaisuja. Tuotevalikoimastamme l\u00f6ytyy erilaisia ratkaisuja betoni- ja asfalttisaumojen ja rakojen tiivistykseen sek\u00e4 normaalissa ett\u00e4 kemiallisesti aggressiivisessa ymp\u00e4rist\u00f6ss\u00e4, kuten polttoaineterminaalit, huoltoasemat, kemikaalivarastot, s\u00e4il\u00f6rehuvarastot ym. Tarjoamme my\u00f6s [...]","protected":false},"author":1,"featured_media":77,"parent":0,"menu_order":2,"comment_status":"closed","ping_status":"closed","template":"","meta":[],"_links":{"self":[{"href":"https:\/\/stradacon.ee\/fi\/wp-json\/wp\/v2\/pages\/12"}],"collection":[{"href":"https:\/\/stradacon.ee\/fi\/wp-json\/wp\/v2\/pages"}],"about":[{"href":"https:\/\/stradacon.ee\/fi\/wp-json\/wp\/v2\/types\/page"}],"author":[{"embeddable":true,"href":"https:\/\/stradacon.ee\/fi\/wp-json\/wp\/v2\/users\/1"}],"replies":[{"embeddable":true,"href":"https:\/\/stradacon.ee\/fi\/wp-json\/wp\/v2\/comments?post=12"}],"version-history":[{"count":5,"href":"https:\/\/stradacon.ee\/fi\/wp-json\/wp\/v2\/pages\/12\/revisions"}],"predecessor-version":[{"id":2695,"href":"https:\/\/stradacon.ee\/fi\/wp-json\/wp\/v2\/pages\/12\/revisions\/2695"}],"wp:featuredmedia":[{"embeddable":true,"href":"https:\/\/stradacon.ee\/fi\/wp-json\/wp\/v2\/media\/77"}],"wp:attachment":[{"href":"https:\/\/stradacon.ee\/fi\/wp-json\/wp\/v2\/media?parent=12"}],"curies":[{"name":"wp","href":"https:\/\/api.w.org\/{rel}","templated":true}]}}